{"id":491,"date":"2021-07-28T19:57:49","date_gmt":"2021-07-28T19:57:49","guid":{"rendered":"https:\/\/hermandadmedinaceli.com\/?page_id=491"},"modified":"2025-02-11T23:14:35","modified_gmt":"2025-02-11T23:14:35","slug":"maria-stma-de-la-trinidad","status":"publish","type":"page","link":"https:\/\/hermandadmedinaceli.es\/index.php\/maria-stma-de-la-trinidad\/","title":{"rendered":"Mar\u00eda Stma. de la Trinidad"},"content":{"rendered":"\n<h1 class=\"wp-block-heading has-text-color has-link-color wp-elements-fed137014470d31ef6de7c3360037ef8\" style=\"color:#521184\">Mar\u00eda Sant\u00edsima de la Trinidad<\/h1>\n\n\n\n<blockquote>\n<p style=\"text-align: right;\">\u00abRespondiendo el \u00e1ngel, le dijo: El Esp\u00edritu Santo vendr\u00e1 sobre ti, y el poder del Alt\u00edsimo te cubrir\u00e1 con su sombra; por lo cual tambi\u00e9n el Santo Ser que nacer\u00e1, ser\u00e1 llamado Hijo de Dios.\u00bb<br><strong>Evangelio seg\u00fan San Lucas (1,35)<\/strong><\/p>\n<\/blockquote>\n\n\n\n<p style=\"text-align: justify;\">Mar\u00eda Sant\u00edsima de la Trinidad es una talla perteneciente al Taller de Imaginer\u00eda de D. Manuel Ramos Corona (Sevilla), siendo definida por el mismo como \u00abUna dolorosa de candelero al m\u00e1s puro estilo barroco sevillano\u00bb<\/p>\n<p style=\"text-align: justify;\"><img loading=\"lazy\" decoding=\"async\" class=\"alignleft wp-image-1662 \" src=\"https:\/\/hermandadmedinaceli.es\/wp-content\/uploads\/2025\/02\/trinidad-5.jpg\" alt=\"\" width=\"322\" height=\"429\" srcset=\"https:\/\/hermandadmedinaceli.es\/wp-content\/uploads\/2025\/02\/trinidad-5.jpg 1536w, https:\/\/hermandadmedinaceli.es\/wp-content\/uploads\/2025\/02\/trinidad-5-225x300.jpg 225w, https:\/\/hermandadmedinaceli.es\/wp-content\/uploads\/2025\/02\/trinidad-5-768x1024.jpg 768w, https:\/\/hermandadmedinaceli.es\/wp-content\/uploads\/2025\/02\/trinidad-5-1152x1536.jpg 1152w\" sizes=\"auto, (max-width: 322px) 100vw, 322px\" \/>La imagen de Mar\u00eda Sant\u00edsima de la Trinidad fue bendecida el 28 de febrero de 1993. La ceremonia fue concelebrada los Reverendos Padres Salesianos D. Seraf\u00edn Berrio Hern\u00e1ndez y Don Antonio Guti\u00e9rrez Bernab\u00e9, los cuales fueron Directores Espirituales de la Hermandad y el por aquel entonces Vice-Delegado Diocesano de Hermandades y Cofrad\u00edas, D. Sebasti\u00e1n Llanes Blanco. La Solemne Eucarist\u00eda se llev\u00f3 a cabo a las 12:30 h, en la Parroquia de Santiago Ap\u00f3stol, estando presente en pleno la Junta de Gobierno de la Pontificia, Real y Muy Ilustre Hermandad Sacramental y Archicofrad\u00eda de Nazarenos del Sagrado Decreto de la Sant\u00edsima Trinidad, Sant\u00edsimo Cristo de las Cinco Llagas, Mar\u00eda Sant\u00edsima de la Concepci\u00f3n, Nuestra Se\u00f1ora de la Esperanza y San Juan Bosco, de la mariana ciudad de Sevilla (popularmente conocida por la Hermandad de la Esperanza Trinidad), como madrina de la Sagrada Imagen.<\/p>\n<p style=\"text-align: justify;\">La advocaci\u00f3n de Mar\u00eda Sant\u00edsima de la Trinidad, hace referencia a la verdad teol\u00f3gica que considera a Mar\u00eda como Templo y Sagrario de la Sant\u00edsima Trinidad, es decir, que recibe la gracia de Dios Padre, Dios hijo toma carne en su seno y el Esp\u00edritu Santo obra en ella para dicha Encarnaci\u00f3n. A su vez, la advocaci\u00f3n est\u00e1 directamente relacionada con nuestro Titular, puesto que Nuestro Padre Jes\u00fas Cautivo y Rescatado (Medinaceli) est\u00e1 ligada a la Orden Trinitaria.<\/p>\n\n\n\n<figure class=\"wp-block-gallery has-nested-images columns-8 is-cropped wp-block-gallery-2 is-layout-flex wp-block-gallery-is-layout-flex\">\n<figure class=\"wp-block-image size-large is-style-default wp-duotone-unset-1\"><img loading=\"lazy\" decoding=\"async\" width=\"768\" height=\"1024\" data-id=\"1669\" src=\"https:\/\/hermandadmedinaceli.es\/wp-content\/uploads\/2025\/02\/trinidad-111-768x1024.jpg\" alt=\"\" class=\"wp-image-1669\" srcset=\"https:\/\/hermandadmedinaceli.es\/wp-content\/uploads\/2025\/02\/trinidad-111-768x1024.jpg 768w, https:\/\/hermandadmedinaceli.es\/wp-content\/uploads\/2025\/02\/trinidad-111-225x300.jpg 225w, https:\/\/hermandadmedinaceli.es\/wp-content\/uploads\/2025\/02\/trinidad-111-1152x1536.jpg 1152w, https:\/\/hermandadmedinaceli.es\/wp-content\/uploads\/2025\/02\/trinidad-111.jpg 1536w\" sizes=\"auto, (max-width: 768px) 100vw, 768px\" \/><\/figure>\n\n\n\n<figure class=\"wp-block-image size-large\"><img loading=\"lazy\" decoding=\"async\" width=\"768\" height=\"1024\" data-id=\"1668\" src=\"https:\/\/hermandadmedinaceli.es\/wp-content\/uploads\/2025\/02\/trinidad-10-768x1024.jpg\" alt=\"\" class=\"wp-image-1668\" srcset=\"https:\/\/hermandadmedinaceli.es\/wp-content\/uploads\/2025\/02\/trinidad-10-768x1024.jpg 768w, https:\/\/hermandadmedinaceli.es\/wp-content\/uploads\/2025\/02\/trinidad-10-225x300.jpg 225w, https:\/\/hermandadmedinaceli.es\/wp-content\/uploads\/2025\/02\/trinidad-10-1152x1536.jpg 1152w, https:\/\/hermandadmedinaceli.es\/wp-content\/uploads\/2025\/02\/trinidad-10.jpg 1536w\" sizes=\"auto, (max-width: 768px) 100vw, 768px\" \/><\/figure>\n\n\n\n<figure class=\"wp-block-image size-large\"><img loading=\"lazy\" decoding=\"async\" width=\"768\" height=\"1024\" data-id=\"1667\" src=\"https:\/\/hermandadmedinaceli.es\/wp-content\/uploads\/2025\/02\/trinidad-8-768x1024.jpg\" alt=\"\" class=\"wp-image-1667\" srcset=\"https:\/\/hermandadmedinaceli.es\/wp-content\/uploads\/2025\/02\/trinidad-8-768x1024.jpg 768w, https:\/\/hermandadmedinaceli.es\/wp-content\/uploads\/2025\/02\/trinidad-8-225x300.jpg 225w, https:\/\/hermandadmedinaceli.es\/wp-content\/uploads\/2025\/02\/trinidad-8-1152x1536.jpg 1152w, https:\/\/hermandadmedinaceli.es\/wp-content\/uploads\/2025\/02\/trinidad-8.jpg 1536w\" sizes=\"auto, (max-width: 768px) 100vw, 768px\" \/><\/figure>\n\n\n\n<figure class=\"wp-block-image size-large\"><img loading=\"lazy\" decoding=\"async\" width=\"1024\" height=\"768\" data-id=\"1665\" src=\"https:\/\/hermandadmedinaceli.es\/wp-content\/uploads\/2025\/02\/trinidad-7-1024x768.jpg\" alt=\"\" class=\"wp-image-1665\" srcset=\"https:\/\/hermandadmedinaceli.es\/wp-content\/uploads\/2025\/02\/trinidad-7-1024x768.jpg 1024w, https:\/\/hermandadmedinaceli.es\/wp-content\/uploads\/2025\/02\/trinidad-7-300x225.jpg 300w, https:\/\/hermandadmedinaceli.es\/wp-content\/uploads\/2025\/02\/trinidad-7-768x576.jpg 768w, https:\/\/hermandadmedinaceli.es\/wp-content\/uploads\/2025\/02\/trinidad-7-1536x1152.jpg 1536w, https:\/\/hermandadmedinaceli.es\/wp-content\/uploads\/2025\/02\/trinidad-7.jpg 1600w\" sizes=\"auto, (max-width: 1024px) 100vw, 1024px\" \/><\/figure>\n\n\n\n<figure class=\"wp-block-image size-large\"><img loading=\"lazy\" decoding=\"async\" width=\"768\" height=\"1024\" data-id=\"1660\" src=\"https:\/\/hermandadmedinaceli.es\/wp-content\/uploads\/2025\/02\/trinidad-1-768x1024.jpg\" alt=\"\" class=\"wp-image-1660\" srcset=\"https:\/\/hermandadmedinaceli.es\/wp-content\/uploads\/2025\/02\/trinidad-1-768x1024.jpg 768w, https:\/\/hermandadmedinaceli.es\/wp-content\/uploads\/2025\/02\/trinidad-1-225x300.jpg 225w, https:\/\/hermandadmedinaceli.es\/wp-content\/uploads\/2025\/02\/trinidad-1-1152x1536.jpg 1152w, https:\/\/hermandadmedinaceli.es\/wp-content\/uploads\/2025\/02\/trinidad-1.jpg 1536w\" sizes=\"auto, (max-width: 768px) 100vw, 768px\" \/><\/figure>\n\n\n\n<figure class=\"wp-block-image size-large\"><img loading=\"lazy\" decoding=\"async\" width=\"768\" height=\"1024\" data-id=\"1661\" src=\"https:\/\/hermandadmedinaceli.es\/wp-content\/uploads\/2025\/02\/trinidad-4-768x1024.jpg\" alt=\"\" class=\"wp-image-1661\" srcset=\"https:\/\/hermandadmedinaceli.es\/wp-content\/uploads\/2025\/02\/trinidad-4-768x1024.jpg 768w, https:\/\/hermandadmedinaceli.es\/wp-content\/uploads\/2025\/02\/trinidad-4-225x300.jpg 225w, https:\/\/hermandadmedinaceli.es\/wp-content\/uploads\/2025\/02\/trinidad-4-1152x1536.jpg 1152w, https:\/\/hermandadmedinaceli.es\/wp-content\/uploads\/2025\/02\/trinidad-4.jpg 1536w\" sizes=\"auto, (max-width: 768px) 100vw, 768px\" \/><\/figure>\n\n\n\n<figure class=\"wp-block-image size-large\"><img loading=\"lazy\" decoding=\"async\" width=\"768\" height=\"1024\" data-id=\"1663\" src=\"https:\/\/hermandadmedinaceli.es\/wp-content\/uploads\/2025\/02\/trinidad-2-768x1024.jpg\" alt=\"\" class=\"wp-image-1663\" srcset=\"https:\/\/hermandadmedinaceli.es\/wp-content\/uploads\/2025\/02\/trinidad-2-768x1024.jpg 768w, https:\/\/hermandadmedinaceli.es\/wp-content\/uploads\/2025\/02\/trinidad-2-225x300.jpg 225w, https:\/\/hermandadmedinaceli.es\/wp-content\/uploads\/2025\/02\/trinidad-2-1152x1536.jpg 1152w, https:\/\/hermandadmedinaceli.es\/wp-content\/uploads\/2025\/02\/trinidad-2.jpg 1536w\" sizes=\"auto, (max-width: 768px) 100vw, 768px\" \/><\/figure>\n\n\n\n<figure class=\"wp-block-image size-large\"><img loading=\"lazy\" decoding=\"async\" width=\"768\" height=\"1024\" data-id=\"1664\" src=\"https:\/\/hermandadmedinaceli.es\/wp-content\/uploads\/2025\/02\/trnidad-9-768x1024.jpg\" alt=\"\" class=\"wp-image-1664\" srcset=\"https:\/\/hermandadmedinaceli.es\/wp-content\/uploads\/2025\/02\/trnidad-9-768x1024.jpg 768w, https:\/\/hermandadmedinaceli.es\/wp-content\/uploads\/2025\/02\/trnidad-9-225x300.jpg 225w, https:\/\/hermandadmedinaceli.es\/wp-content\/uploads\/2025\/02\/trnidad-9-1152x1536.jpg 1152w, https:\/\/hermandadmedinaceli.es\/wp-content\/uploads\/2025\/02\/trnidad-9.jpg 1536w\" sizes=\"auto, (max-width: 768px) 100vw, 768px\" \/><\/figure>\n<\/figure>\n\n\n\n<p><\/p>\n<!-- AddThis Advanced Settings generic via filter on the_content --><!-- AddThis Share Buttons generic via filter on the_content -->","protected":false},"excerpt":{"rendered":"<p>Mar\u00eda Sant\u00edsima de la Trinidad \u00abRespondiendo el \u00e1ngel, le dijo: El Esp\u00edritu Santo vendr\u00e1 sobre ti, y el poder del<!-- AddThis Advanced Settings generic via filter on get_the_excerpt --><!-- AddThis Share Buttons generic via filter on get_the_excerpt --><\/p>\n","protected":false},"author":1,"featured_media":0,"parent":0,"menu_order":0,"comment_status":"closed","ping_status":"closed","template":"","meta":{"colormag_page_container_layout":"default_layout","colormag_page_sidebar_layout":"default_layout","_monsterinsights_skip_tracking":false,"_monsterinsights_sitenote_active":false,"_monsterinsights_sitenote_note":"","_monsterinsights_sitenote_category":0,"_mc_calendar":[],"footnotes":""},"class_list":["post-491","page","type-page","status-publish","hentry"],"yoast_head":"<!-- This site is optimized with the Yoast SEO plugin v27.4 - https:\/\/yoast.com\/product\/yoast-seo-wordpress\/ -->\n<title>Mar\u00eda Stma. de la Trinidad - Hermandad Medinaceli - La L&iacute;nea de la Concepci&oacute;n<\/title>\n<meta name=\"robots\" content=\"index, follow, max-snippet:-1, max-image-preview:large, max-video-preview:-1\" \/>\n<link rel=\"canonical\" href=\"https:\/\/hermandadmedinaceli.es\/index.php\/maria-stma-de-la-trinidad\/\" \/>\n<meta property=\"og:locale\" content=\"es_ES\" \/>\n<meta property=\"og:type\" content=\"article\" \/>\n<meta property=\"og:title\" content=\"Mar\u00eda Stma. de la Trinidad - Hermandad Medinaceli - La L&iacute;nea de la Concepci&oacute;n\" \/>\n<meta property=\"og:description\" content=\"Mar\u00eda Sant\u00edsima de la Trinidad \u00abRespondiendo el \u00e1ngel, le dijo: El Esp\u00edritu Santo vendr\u00e1 sobre ti, y el poder del\" \/>\n<meta property=\"og:url\" content=\"https:\/\/hermandadmedinaceli.es\/index.php\/maria-stma-de-la-trinidad\/\" \/>\n<meta property=\"og:site_name\" content=\"Hermandad Medinaceli - La L&iacute;nea de la Concepci&oacute;n\" \/>\n<meta property=\"article:modified_time\" content=\"2025-02-11T23:14:35+00:00\" \/>\n<meta property=\"og:image\" content=\"https:\/\/hermandadmedinaceli.es\/wp-content\/uploads\/2025\/02\/trinidad-5.jpg\" \/>\n<meta name=\"twitter:card\" content=\"summary_large_image\" \/>\n<meta name=\"twitter:label1\" content=\"Tiempo de lectura\" \/>\n\t<meta name=\"twitter:data1\" content=\"3 minutos\" \/>\n<script type=\"application\/ld+json\" class=\"yoast-schema-graph\">{\"@context\":\"https:\\\/\\\/schema.org\",\"@graph\":[{\"@type\":\"WebPage\",\"@id\":\"https:\\\/\\\/hermandadmedinaceli.es\\\/index.php\\\/maria-stma-de-la-trinidad\\\/\",\"url\":\"https:\\\/\\\/hermandadmedinaceli.es\\\/index.php\\\/maria-stma-de-la-trinidad\\\/\",\"name\":\"Mar\u00eda Stma. de la Trinidad - Hermandad Medinaceli - La L&iacute;nea de la Concepci&oacute;n\",\"isPartOf\":{\"@id\":\"https:\\\/\\\/hermandadmedinaceli.es\\\/#website\"},\"primaryImageOfPage\":{\"@id\":\"https:\\\/\\\/hermandadmedinaceli.es\\\/index.php\\\/maria-stma-de-la-trinidad\\\/#primaryimage\"},\"image\":{\"@id\":\"https:\\\/\\\/hermandadmedinaceli.es\\\/index.php\\\/maria-stma-de-la-trinidad\\\/#primaryimage\"},\"thumbnailUrl\":\"https:\\\/\\\/hermandadmedinaceli.es\\\/wp-content\\\/uploads\\\/2025\\\/02\\\/trinidad-5.jpg\",\"datePublished\":\"2021-07-28T19:57:49+00:00\",\"dateModified\":\"2025-02-11T23:14:35+00:00\",\"breadcrumb\":{\"@id\":\"https:\\\/\\\/hermandadmedinaceli.es\\\/index.php\\\/maria-stma-de-la-trinidad\\\/#breadcrumb\"},\"inLanguage\":\"es\",\"potentialAction\":[{\"@type\":\"ReadAction\",\"target\":[\"https:\\\/\\\/hermandadmedinaceli.es\\\/index.php\\\/maria-stma-de-la-trinidad\\\/\"]}]},{\"@type\":\"ImageObject\",\"inLanguage\":\"es\",\"@id\":\"https:\\\/\\\/hermandadmedinaceli.es\\\/index.php\\\/maria-stma-de-la-trinidad\\\/#primaryimage\",\"url\":\"https:\\\/\\\/hermandadmedinaceli.es\\\/wp-content\\\/uploads\\\/2025\\\/02\\\/trinidad-5.jpg\",\"contentUrl\":\"https:\\\/\\\/hermandadmedinaceli.es\\\/wp-content\\\/uploads\\\/2025\\\/02\\\/trinidad-5.jpg\",\"width\":1536,\"height\":2048},{\"@type\":\"BreadcrumbList\",\"@id\":\"https:\\\/\\\/hermandadmedinaceli.es\\\/index.php\\\/maria-stma-de-la-trinidad\\\/#breadcrumb\",\"itemListElement\":[{\"@type\":\"ListItem\",\"position\":1,\"name\":\"Portada\",\"item\":\"https:\\\/\\\/hermandadmedinaceli.es\\\/\"},{\"@type\":\"ListItem\",\"position\":2,\"name\":\"Mar\u00eda Stma. de la Trinidad\"}]},{\"@type\":\"WebSite\",\"@id\":\"https:\\\/\\\/hermandadmedinaceli.es\\\/#website\",\"url\":\"https:\\\/\\\/hermandadmedinaceli.es\\\/\",\"name\":\"Hermandad Medinaceli - La L&iacute;nea de la Concepci&oacute;n\",\"description\":\"\",\"potentialAction\":[{\"@type\":\"SearchAction\",\"target\":{\"@type\":\"EntryPoint\",\"urlTemplate\":\"https:\\\/\\\/hermandadmedinaceli.es\\\/?s={search_term_string}\"},\"query-input\":{\"@type\":\"PropertyValueSpecification\",\"valueRequired\":true,\"valueName\":\"search_term_string\"}}],\"inLanguage\":\"es\"}]}<\/script>\n<!-- \/ Yoast SEO plugin. -->","yoast_head_json":{"title":"Mar\u00eda Stma. de la Trinidad - Hermandad Medinaceli - La L&iacute;nea de la Concepci&oacute;n","robots":{"index":"index","follow":"follow","max-snippet":"max-snippet:-1","max-image-preview":"max-image-preview:large","max-video-preview":"max-video-preview:-1"},"canonical":"https:\/\/hermandadmedinaceli.es\/index.php\/maria-stma-de-la-trinidad\/","og_locale":"es_ES","og_type":"article","og_title":"Mar\u00eda Stma. de la Trinidad - Hermandad Medinaceli - La L&iacute;nea de la Concepci&oacute;n","og_description":"Mar\u00eda Sant\u00edsima de la Trinidad \u00abRespondiendo el \u00e1ngel, le dijo: El Esp\u00edritu Santo vendr\u00e1 sobre ti, y el poder del","og_url":"https:\/\/hermandadmedinaceli.es\/index.php\/maria-stma-de-la-trinidad\/","og_site_name":"Hermandad Medinaceli - La L&iacute;nea de la Concepci&oacute;n","article_modified_time":"2025-02-11T23:14:35+00:00","og_image":[{"url":"https:\/\/hermandadmedinaceli.es\/wp-content\/uploads\/2025\/02\/trinidad-5.jpg","type":"","width":"","height":""}],"twitter_card":"summary_large_image","twitter_misc":{"Tiempo de lectura":"3 minutos"},"schema":{"@context":"https:\/\/schema.org","@graph":[{"@type":"WebPage","@id":"https:\/\/hermandadmedinaceli.es\/index.php\/maria-stma-de-la-trinidad\/","url":"https:\/\/hermandadmedinaceli.es\/index.php\/maria-stma-de-la-trinidad\/","name":"Mar\u00eda Stma. de la Trinidad - Hermandad Medinaceli - La L&iacute;nea de la Concepci&oacute;n","isPartOf":{"@id":"https:\/\/hermandadmedinaceli.es\/#website"},"primaryImageOfPage":{"@id":"https:\/\/hermandadmedinaceli.es\/index.php\/maria-stma-de-la-trinidad\/#primaryimage"},"image":{"@id":"https:\/\/hermandadmedinaceli.es\/index.php\/maria-stma-de-la-trinidad\/#primaryimage"},"thumbnailUrl":"https:\/\/hermandadmedinaceli.es\/wp-content\/uploads\/2025\/02\/trinidad-5.jpg","datePublished":"2021-07-28T19:57:49+00:00","dateModified":"2025-02-11T23:14:35+00:00","breadcrumb":{"@id":"https:\/\/hermandadmedinaceli.es\/index.php\/maria-stma-de-la-trinidad\/#breadcrumb"},"inLanguage":"es","potentialAction":[{"@type":"ReadAction","target":["https:\/\/hermandadmedinaceli.es\/index.php\/maria-stma-de-la-trinidad\/"]}]},{"@type":"ImageObject","inLanguage":"es","@id":"https:\/\/hermandadmedinaceli.es\/index.php\/maria-stma-de-la-trinidad\/#primaryimage","url":"https:\/\/hermandadmedinaceli.es\/wp-content\/uploads\/2025\/02\/trinidad-5.jpg","contentUrl":"https:\/\/hermandadmedinaceli.es\/wp-content\/uploads\/2025\/02\/trinidad-5.jpg","width":1536,"height":2048},{"@type":"BreadcrumbList","@id":"https:\/\/hermandadmedinaceli.es\/index.php\/maria-stma-de-la-trinidad\/#breadcrumb","itemListElement":[{"@type":"ListItem","position":1,"name":"Portada","item":"https:\/\/hermandadmedinaceli.es\/"},{"@type":"ListItem","position":2,"name":"Mar\u00eda Stma. de la Trinidad"}]},{"@type":"WebSite","@id":"https:\/\/hermandadmedinaceli.es\/#website","url":"https:\/\/hermandadmedinaceli.es\/","name":"Hermandad Medinaceli - La L&iacute;nea de la Concepci&oacute;n","description":"","potentialAction":[{"@type":"SearchAction","target":{"@type":"EntryPoint","urlTemplate":"https:\/\/hermandadmedinaceli.es\/?s={search_term_string}"},"query-input":{"@type":"PropertyValueSpecification","valueRequired":true,"valueName":"search_term_string"}}],"inLanguage":"es"}]}},"_links":{"self":[{"href":"https:\/\/hermandadmedinaceli.es\/index.php\/wp-json\/wp\/v2\/pages\/491","targetHints":{"allow":["GET"]}}],"collection":[{"href":"https:\/\/hermandadmedinaceli.es\/index.php\/wp-json\/wp\/v2\/pages"}],"about":[{"href":"https:\/\/hermandadmedinaceli.es\/index.php\/wp-json\/wp\/v2\/types\/page"}],"author":[{"embeddable":true,"href":"https:\/\/hermandadmedinaceli.es\/index.php\/wp-json\/wp\/v2\/users\/1"}],"replies":[{"embeddable":true,"href":"https:\/\/hermandadmedinaceli.es\/index.php\/wp-json\/wp\/v2\/comments?post=491"}],"version-history":[{"count":7,"href":"https:\/\/hermandadmedinaceli.es\/index.php\/wp-json\/wp\/v2\/pages\/491\/revisions"}],"predecessor-version":[{"id":1673,"href":"https:\/\/hermandadmedinaceli.es\/index.php\/wp-json\/wp\/v2\/pages\/491\/revisions\/1673"}],"wp:attachment":[{"href":"https:\/\/hermandadmedinaceli.es\/index.php\/wp-json\/wp\/v2\/media?parent=491"}],"curies":[{"name":"wp","href":"https:\/\/api.w.org\/{rel}","templated":true}]}}