{"id":604,"date":"2021-07-29T15:24:47","date_gmt":"2021-07-29T15:24:47","guid":{"rendered":"https:\/\/hermandadmedinaceli.com\/?page_id=604"},"modified":"2025-03-10T17:57:07","modified_gmt":"2025-03-10T17:57:07","slug":"grupo-joven","status":"publish","type":"page","link":"https:\/\/hermandadmedinaceli.es\/index.php\/grupo-joven\/","title":{"rendered":"Grupo Joven"},"content":{"rendered":"\n<h1 class=\"wp-block-heading has-text-color\" style=\"color:#5c1389\">Juventud de Medinaceli<\/h1>\n\n\n\n<blockquote>\n<p style=\"text-align: right;\"><em>\u00ab\u00a1No teng\u00e1is miedo! \u00a1Abrid, m\u00e1s todav\u00eda, abrid de par en par las puertas a Cristo! Vosotros sois la esperanza de la Iglesia y del mundo. Vosotros sois mi esperanza.\u00bb<\/em><br><strong>San Juan Pablo II a los J\u00f3venes<\/strong><\/p>\n<\/blockquote>\n\n\n\n<p>El Grupo Joven de Nuestra Corporaci\u00f3n naci\u00f3 a mediados de la d\u00e9cada del 2000, de la mano del Hermano Mayor D. Norberto Hurtado Mar\u00edn, quien tras ver el inter\u00e9s de la juventud en la vida de Hermandad, decidi\u00f3, junto a su Junta de Gobierno, crear \u00abJuventud de Medinaceli\u00bb para as\u00ed poder acercar a los j\u00f3venes aun m\u00e1s a nuestra Hermandad.<\/p>\n<p>Juventud de Medinaceli no surge \u00fanicamente con la labor de acercar los j\u00f3venes a la Hermandad, sino que adem\u00e1s da la oportunidad de crear v\u00ednculos entre hermanos de edades similares y una devoci\u00f3n com\u00fan hacia Nuestros Sagrados Titulares. En el Grupo Joven buscamos el equilibrio entre formaci\u00f3n y disfrute, creando un calendario de actividades l\u00fadico-formativas para las diferentes edades de los componentes.<\/p>\n<p>El grupo joven muestra una actitud activa en la vida diaria de la Hermandad, realizando reuniones mensuales en las que se realizan actividades de formaci\u00f3n, excursiones, momentos de convivencia&#8230; Para as\u00ed crear un clima de armon\u00eda en el cual nuestros j\u00f3venes puedan crecer en un ambiente cristiano.<\/p>\n<p><img loading=\"lazy\" decoding=\"async\" class=\"aligncenter wp-image-2015\" src=\"https:\/\/hermandadmedinaceli.es\/wp-content\/uploads\/2025\/03\/Cruz-de-Guia-6.png\" alt=\"\" width=\"903\" height=\"299\" srcset=\"https:\/\/hermandadmedinaceli.es\/wp-content\/uploads\/2025\/03\/Cruz-de-Guia-6.png 2000w, https:\/\/hermandadmedinaceli.es\/wp-content\/uploads\/2025\/03\/Cruz-de-Guia-6-300x99.png 300w, https:\/\/hermandadmedinaceli.es\/wp-content\/uploads\/2025\/03\/Cruz-de-Guia-6-1024x339.png 1024w, https:\/\/hermandadmedinaceli.es\/wp-content\/uploads\/2025\/03\/Cruz-de-Guia-6-768x255.png 768w, https:\/\/hermandadmedinaceli.es\/wp-content\/uploads\/2025\/03\/Cruz-de-Guia-6-1536x509.png 1536w\" sizes=\"auto, (max-width: 903px) 100vw, 903px\" \/><\/p>\n<p>\u00a0<\/p>\n\n\n\n<h2 class=\"wp-block-heading has-white-color has-text-color has-background has-normal-font-size\" style=\"background-color:#5c1389\"><strong>Noticias del Grupo Joven<\/strong><\/h2>\n\n\n<ul class=\"wp-block-latest-posts__list has-dates wp-block-latest-posts\"><li><div class=\"wp-block-latest-posts__featured-image alignleft\"><img loading=\"lazy\" decoding=\"async\" width=\"150\" height=\"150\" src=\"https:\/\/hermandadmedinaceli.es\/wp-content\/uploads\/2025\/03\/Reunion-Grupo-joven-marzo-150x150.jpg\" class=\"attachment-thumbnail size-thumbnail wp-post-image\" alt=\"\" style=\"\" \/><\/div><a class=\"wp-block-latest-posts__post-title\" href=\"https:\/\/hermandadmedinaceli.es\/index.php\/2025\/03\/18\/reunion-del-grupo-joven\/\">Reuni\u00f3n del Grupo Joven<\/a><time datetime=\"2025-03-18T19:10:18+00:00\" class=\"wp-block-latest-posts__post-date\">marzo 18, 2025<\/time><div class=\"wp-block-latest-posts__post-excerpt\">Desde la Vocal\u00eda de Juventud de la Hermandad les informamos que el pr\u00f3ximo viernes 21 de marzo, a las 18:00 h. en la Secretar\u00eda de la Hermandad (Calle La Estrella), se celebrar\u00e1 el encuentro mensual para los j\u00f3venes de nuestra Hermandad. Si deseas conocer tu Hermandad junto a otros j\u00f3venes<!-- AddThis Advanced Settings generic via filter on get_the_excerpt --><!-- AddThis Share Buttons generic via filter on get_the_excerpt --><\/div><\/li>\n<li><div class=\"wp-block-latest-posts__featured-image alignleft\"><img loading=\"lazy\" decoding=\"async\" width=\"150\" height=\"150\" src=\"https:\/\/hermandadmedinaceli.es\/wp-content\/uploads\/2025\/02\/Juventud-de-Medinaceli-Miercoles-Santo-2025_pages-to-jpg-0001-150x150.jpg\" class=\"attachment-thumbnail size-thumbnail wp-post-image\" alt=\"\" style=\"\" \/><\/div><a class=\"wp-block-latest-posts__post-title\" href=\"https:\/\/hermandadmedinaceli.es\/index.php\/2025\/03\/07\/presentacion-del-cartel-del-grupo-joven\/\">Presentaci\u00f3n del Cartel del Grupo Joven<\/a><time datetime=\"2025-03-07T15:33:17+00:00\" class=\"wp-block-latest-posts__post-date\">marzo 7, 2025<\/time><div class=\"wp-block-latest-posts__post-excerpt\">El pasado jueves, una vez finalizada la celebraci\u00f3n eucar\u00edstica del tercer d\u00eda de triduo, tuvo lugar el acto de presentaci\u00f3n del primer cartel del grupo joven \u00abJuventud de Medinaceli\u00bb, anunciador del pr\u00f3ximo Mi\u00e9rcoles Santo 2025. En el cartel podemos apreciar una imagen de Mar\u00eda Sant\u00edsima de la Trinidad en su<!-- AddThis Advanced Settings generic via filter on get_the_excerpt --><!-- AddThis Share Buttons generic via filter on get_the_excerpt --><\/div><\/li>\n<li><div class=\"wp-block-latest-posts__featured-image alignleft\"><img loading=\"lazy\" decoding=\"async\" width=\"150\" height=\"150\" src=\"https:\/\/hermandadmedinaceli.es\/wp-content\/uploads\/2021\/12\/MUSEO-4-150x150.jpg\" class=\"attachment-thumbnail size-thumbnail wp-post-image\" alt=\"\" style=\"\" \/><\/div><a class=\"wp-block-latest-posts__post-title\" href=\"https:\/\/hermandadmedinaceli.es\/index.php\/2025\/01\/27\/reunion-del-grupo-joven-4\/\">Juventud de Medinaceli visita la exposici\u00f3n \u00abMedinaceli, 75 a\u00f1os de Historia y Devoci\u00f3n\u00bb<\/a><time datetime=\"2025-01-27T15:18:00+00:00\" class=\"wp-block-latest-posts__post-date\">enero 27, 2025<\/time><div class=\"wp-block-latest-posts__post-excerpt\">El pasado s\u00e1bado 25 de enero, nuestro grupo joven visit\u00f3 la exposici\u00f3n \u201cMedinaceli, 75 a\u00f1os de historia y devoci\u00f3n\u201d, situada en el Museo Cruz Herrera y abierta al p\u00fablico hasta el 2 de febrero. Durante la jornada los j\u00f3venes pudieron conocer curiosidades de su Hermandad, as\u00ed como enseres actuales y<!-- AddThis Advanced Settings generic via filter on get_the_excerpt --><!-- AddThis Share Buttons generic via filter on get_the_excerpt --><\/div><\/li>\n<\/ul>\n\n\n<div style=\"height:18px\" aria-hidden=\"true\" class=\"wp-block-spacer\"><\/div>\n\n\n\n<h2 class=\"wp-block-heading has-white-color has-text-color has-background has-normal-font-size\" style=\"background-color:#5c1389\"><strong>Galer\u00eda Fotogr\u00e1fica del Grupo Joven<\/strong><\/h2>\n\n\n\n\t\t<!-- MasterSlider -->\n\t\t<div id=\"P_MS69e220e7dad6d\" class=\"master-slider-parent msl ms-parent-id-3\" style=\"max-width:1000px;\">\n\n\t\t\t\n\t\t\t<!-- MasterSlider Main -->\n\t\t\t<div id=\"MS69e220e7dad6d\" class=\"master-slider ms-skin-default\" >\n\t\t\t\t \t\t\t\t \n\t\t\t\t<div  class=\"ms-slide\" data-delay=\"3\" data-fill-mode=\"fit\"  >\n\t\t\t\t\t<img decoding=\"async\" src=\"https:\/\/hermandadmedinaceli.es\/wp-content\/plugins\/master-slider\/public\/assets\/css\/blank.gif\" alt=\"\" title=\"\" data-src=\"https:\/\/hermandadmedinaceli.es\/wp-content\/uploads\/2025\/02\/Convivencia-Grupos-Jovenes.jpg\" \/>\n\n\n\t<div class=\"ms-thumb\" ><div class=\"ms-tab-context\"><div class=\"&quot;ms-tab-context&quot;\"><\/div><\/div>\n<\/div>\n\t\t\t\t<\/div>\n\t\t\t\t<div  class=\"ms-slide\" data-delay=\"3\" data-fill-mode=\"fit\"  >\n\t\t\t\t\t<img decoding=\"async\" src=\"https:\/\/hermandadmedinaceli.es\/wp-content\/plugins\/master-slider\/public\/assets\/css\/blank.gif\" alt=\"\" title=\"\" data-src=\"https:\/\/hermandadmedinaceli.es\/wp-content\/uploads\/2022\/03\/WhatsApp-Image-2022-03-05-at-22.31.19.jpeg\" \/>\n\n\n\t<div class=\"ms-thumb\" ><div class=\"ms-tab-context\"><div class=\"&quot;ms-tab-context&quot;\"><\/div><\/div>\n<\/div>\n\t\t\t\t<\/div>\n\t\t\t\t<div  class=\"ms-slide\" data-delay=\"3\" data-fill-mode=\"fill\"  >\n\t\t\t\t\t<img decoding=\"async\" src=\"https:\/\/hermandadmedinaceli.es\/wp-content\/plugins\/master-slider\/public\/assets\/css\/blank.gif\" alt=\"\" title=\"\" data-src=\"https:\/\/hermandadmedinaceli.es\/wp-content\/uploads\/2025\/02\/limpieza-enseres-2.jpg\" \/>\n\n\n\t<div class=\"ms-thumb\" ><div class=\"ms-tab-context\"><div class=\"&quot;ms-tab-context&quot;\"><\/div><\/div>\n<\/div>\n\t\t\t\t<\/div>\n\t\t\t\t<div  class=\"ms-slide\" data-delay=\"3\" data-fill-mode=\"fit\"  >\n\t\t\t\t\t<img decoding=\"async\" src=\"https:\/\/hermandadmedinaceli.es\/wp-content\/plugins\/master-slider\/public\/assets\/css\/blank.gif\" alt=\"\" title=\"\" data-src=\"https:\/\/hermandadmedinaceli.es\/wp-content\/uploads\/2025\/02\/Reunion-Grupo-Joven.jpg\" \/>\n\n\n\t<div class=\"ms-thumb\" ><div class=\"ms-tab-context\"><div class=\"&quot;ms-tab-context&quot;\"><\/div><\/div>\n<\/div>\n\t\t\t\t<\/div>\n\t\t\t\t<div  class=\"ms-slide\" data-delay=\"3\" data-fill-mode=\"fill\"  >\n\t\t\t\t\t<img decoding=\"async\" src=\"https:\/\/hermandadmedinaceli.es\/wp-content\/plugins\/master-slider\/public\/assets\/css\/blank.gif\" alt=\"\" title=\"\" data-src=\"https:\/\/hermandadmedinaceli.es\/wp-content\/uploads\/2025\/02\/limpieza-de-enseres.jpg\" \/>\n\n\n\t<div class=\"ms-thumb\" ><div class=\"ms-tab-context\"><div class=\"&quot;ms-tab-context&quot;\"><\/div><\/div>\n<\/div>\n\t\t\t\t<\/div>\n\t\t\t\t<div  class=\"ms-slide\" data-delay=\"3\" data-fill-mode=\"fit\"  >\n\t\t\t\t\t<img decoding=\"async\" src=\"https:\/\/hermandadmedinaceli.es\/wp-content\/plugins\/master-slider\/public\/assets\/css\/blank.gif\" alt=\"\" title=\"\" data-src=\"https:\/\/hermandadmedinaceli.es\/wp-content\/uploads\/2025\/02\/Juventud-de-Medinaceli-Miercoles-Santo.jpg\" \/>\n\n\n\t<div class=\"ms-thumb\" ><div class=\"ms-tab-context\"><div class=\"&quot;ms-tab-context&quot;\"><\/div><\/div>\n<\/div>\n\t\t\t\t<\/div>\n\t\t\t\t<div  class=\"ms-slide\" data-delay=\"3\" data-fill-mode=\"fit\"  >\n\t\t\t\t\t<img decoding=\"async\" src=\"https:\/\/hermandadmedinaceli.es\/wp-content\/plugins\/master-slider\/public\/assets\/css\/blank.gif\" alt=\"\" title=\"\" data-src=\"https:\/\/hermandadmedinaceli.es\/wp-content\/uploads\/2025\/02\/juventud-de-medinaceli-paso-del-senor.jpg\" \/>\n\n\n\t<div class=\"ms-thumb\" ><div class=\"ms-tab-context\"><div class=\"&quot;ms-tab-context&quot;\"><\/div><\/div>\n<\/div>\n\t\t\t\t<\/div>\n\t\t\t\t<div  class=\"ms-slide\" data-delay=\"3\" data-fill-mode=\"fit\"  >\n\t\t\t\t\t<img decoding=\"async\" src=\"https:\/\/hermandadmedinaceli.es\/wp-content\/plugins\/master-slider\/public\/assets\/css\/blank.gif\" alt=\"\" title=\"\" data-src=\"https:\/\/hermandadmedinaceli.es\/wp-content\/uploads\/2025\/02\/excursion-grupo-joven-tarifa.jpg\" \/>\n\n\n\t<div class=\"ms-thumb\" ><div class=\"ms-tab-context\"><div class=\"&quot;ms-tab-context&quot;\"><\/div><\/div>\n<\/div>\n\t\t\t\t<\/div>\n\t\t\t\t<div  class=\"ms-slide\" data-delay=\"3\" data-fill-mode=\"fit\"  >\n\t\t\t\t\t<img decoding=\"async\" src=\"https:\/\/hermandadmedinaceli.es\/wp-content\/plugins\/master-slider\/public\/assets\/css\/blank.gif\" alt=\"\" title=\"\" data-src=\"https:\/\/hermandadmedinaceli.es\/wp-content\/uploads\/2025\/02\/Belen-Grupo-Joven-2.jpg\" \/>\n\n\n\t<div class=\"ms-thumb\" ><div class=\"ms-tab-context\"><div class=\"&quot;ms-tab-context&quot;\"><\/div><\/div>\n<\/div>\n\t\t\t\t<\/div>\n\t\t\t\t<div  class=\"ms-slide\" data-delay=\"3\" data-fill-mode=\"fit\"  >\n\t\t\t\t\t<img decoding=\"async\" src=\"https:\/\/hermandadmedinaceli.es\/wp-content\/plugins\/master-slider\/public\/assets\/css\/blank.gif\" alt=\"\" title=\"\" data-src=\"https:\/\/hermandadmedinaceli.es\/wp-content\/uploads\/2025\/02\/via-matris.jpg\" \/>\n\n\n\t<div class=\"ms-thumb\" ><div class=\"ms-tab-context\"><div class=\"&quot;ms-tab-context&quot;\"><\/div><\/div>\n<\/div>\n\t\t\t\t<\/div>\n\t\t\t\t<div  class=\"ms-slide\" data-delay=\"3\" data-fill-mode=\"fit\"  >\n\t\t\t\t\t<img decoding=\"async\" src=\"https:\/\/hermandadmedinaceli.es\/wp-content\/plugins\/master-slider\/public\/assets\/css\/blank.gif\" alt=\"\" title=\"\" data-src=\"https:\/\/hermandadmedinaceli.es\/wp-content\/uploads\/2025\/02\/juventud-de-Medinaceli-Paso-de-Palio.jpg\" \/>\n\n\n\t<div class=\"ms-thumb\" ><div class=\"ms-tab-context\"><div class=\"&quot;ms-tab-context&quot;\"><\/div><\/div>\n<\/div>\n\t\t\t\t<\/div>\n\t\t\t\t<div  class=\"ms-slide\" data-delay=\"5\" data-fill-mode=\"fill\"  >\n\t\t\t\t\t<img decoding=\"async\" src=\"https:\/\/hermandadmedinaceli.es\/wp-content\/plugins\/master-slider\/public\/assets\/css\/blank.gif\" alt=\"\" title=\"\" data-src=\"https:\/\/hermandadmedinaceli.es\/wp-content\/uploads\/2022\/02\/EncuentroJovenesCofradesTrinitarios1.jpeg\" \/>\n\n\n\t<div class=\"ms-thumb\" ><div class=\"ms-tab-context\"><div class=\"&quot;ms-tab-context&quot;\"><\/div><\/div>\n<\/div>\n\t\t\t\t<\/div>\n\t\t\t\t<div  class=\"ms-slide\" data-delay=\"3\" data-fill-mode=\"fill\"  >\n\t\t\t\t\t<img decoding=\"async\" src=\"https:\/\/hermandadmedinaceli.es\/wp-content\/plugins\/master-slider\/public\/assets\/css\/blank.gif\" alt=\"\" title=\"\" data-src=\"https:\/\/hermandadmedinaceli.es\/wp-content\/uploads\/2022\/02\/EncuentroJovenesCofradesTrinitarios2.jpeg\" \/>\n\n\n\t<div class=\"ms-thumb\" ><div class=\"ms-tab-context\"><div class=\"&quot;ms-tab-context&quot;\"><\/div><\/div>\n<\/div>\n\t\t\t\t<\/div>\n\n\t\t\t<\/div>\n\t\t\t<!-- END MasterSlider Main -->\n\n\t\t\t \n\t\t<\/div>\n\t\t<!-- END MasterSlider -->\n\n\t\t<script>\n\t\t(function ( $ ) {\n\t\t\t\"use strict\";\n\n\t\t\t$(function () {\n\t\t\t\tvar masterslider_ad6d = new MasterSlider();\n\n\t\t\t\t\/\/ slider controls\n\n\t\t\t\t\/\/ slider setup\n\t\t\t\tmasterslider_ad6d.setup(\"MS69e220e7dad6d\", {\n\t\t\t\t\t\twidth           : 1000,\n\t\t\t\t\t\theight          : 500,\n\t\t\t\t\t\tminHeight       : 0,\n\t\t\t\t\t\tspace           : 0,\n\t\t\t\t\t\tstart           : 2,\n\t\t\t\t\t\tgrabCursor      : true,\n\t\t\t\t\t\tswipe           : true,\n\t\t\t\t\t\tmouse           : true,\n\t\t\t\t\t\tlayout          : \"boxed\",\n\t\t\t\t\t\twheel           : false,\n\t\t\t\t\t\tautoplay        : true,\n\t\t\t\t\t\tinstantStartLayers:false,\n\t\t\t\t\t\tloop            : true,\n\t\t\t\t\t\tshuffle         : false,\n\t\t\t\t\t\tpreload         : 0,\n\t\t\t\t\t\theightLimit     : true,\n\t\t\t\t\t\tautoHeight      : false,\n\t\t\t\t\t\tsmoothHeight    : true,\n\t\t\t\t\t\tendPause        : false,\n\t\t\t\t\t\toverPause       : false,\n\t\t\t\t\t\tfillMode        : \"fill\",\n\t\t\t\t\t\tcenterControls  : true,\n\t\t\t\t\t\tstartOnAppear   : true,\n\t\t\t\t\t\tlayersMode      : \"center\",\n\t\t\t\t\t\thideLayers      : false,\n\t\t\t\t\t\tfullscreenMargin: 0,\n\t\t\t\t\t\tspeed           : 20,\n\t\t\t\t\t\tdir             : \"h\",\n\t\t\t\t\t\tparallaxMode    : 'swipe',\n\t\t\t\t\t\tview            : \"basic\"\n\t\t\t\t});\n\n\t\t\t\t\n\t\t\t\twindow.masterslider_instances = window.masterslider_instances || [];\n\t\t\t\twindow.masterslider_instances.push( masterslider_ad6d );\n\t\t\t });\n\n\t\t})(jQuery);\n\t\t<\/script>\n\n\n\n\n\n<p><\/p>\n\n\n\n<p><\/p>\n\n\n\n<p><\/p>\n","protected":false},"excerpt":{"rendered":"<p>Juventud de Medinaceli \u00ab\u00a1No teng\u00e1is miedo! \u00a1Abrid, m\u00e1s todav\u00eda, abrid de par en par las puertas a Cristo! Vosotros sois<!-- AddThis Advanced Settings generic via filter on get_the_excerpt --><!-- AddThis Share Buttons generic via filter on get_the_excerpt --><\/p>\n","protected":false},"author":2,"featured_media":0,"parent":0,"menu_order":0,"comment_status":"closed","ping_status":"closed","template":"","meta":{"colormag_page_container_layout":"default_layout","colormag_page_sidebar_layout":"default_layout","_monsterinsights_skip_tracking":false,"_monsterinsights_sitenote_active":false,"_monsterinsights_sitenote_note":"","_monsterinsights_sitenote_category":0,"_mc_calendar":[],"footnotes":""},"class_list":["post-604","page","type-page","status-publish","hentry"],"yoast_head":"<!-- This site is optimized with the Yoast SEO plugin v27.4 - https:\/\/yoast.com\/product\/yoast-seo-wordpress\/ -->\n<title>Grupo Joven - Hermandad Medinaceli - La L&iacute;nea de la Concepci&oacute;n<\/title>\n<meta name=\"robots\" content=\"index, follow, max-snippet:-1, max-image-preview:large, max-video-preview:-1\" \/>\n<link rel=\"canonical\" href=\"https:\/\/hermandadmedinaceli.es\/index.php\/grupo-joven\/\" \/>\n<meta property=\"og:locale\" content=\"es_ES\" \/>\n<meta property=\"og:type\" content=\"article\" \/>\n<meta property=\"og:title\" content=\"Grupo Joven - Hermandad Medinaceli - La L&iacute;nea de la Concepci&oacute;n\" \/>\n<meta property=\"og:description\" content=\"Juventud de Medinaceli \u00ab\u00a1No teng\u00e1is miedo! \u00a1Abrid, m\u00e1s todav\u00eda, abrid de par en par las puertas a Cristo! Vosotros sois\" \/>\n<meta property=\"og:url\" content=\"https:\/\/hermandadmedinaceli.es\/index.php\/grupo-joven\/\" \/>\n<meta property=\"og:site_name\" content=\"Hermandad Medinaceli - La L&iacute;nea de la Concepci&oacute;n\" \/>\n<meta property=\"article:modified_time\" content=\"2025-03-10T17:57:07+00:00\" \/>\n<meta property=\"og:image\" content=\"https:\/\/hermandadmedinaceli.es\/wp-content\/uploads\/2025\/03\/Cruz-de-Guia-6.png\" \/>\n<meta name=\"twitter:card\" content=\"summary_large_image\" \/>\n<meta name=\"twitter:label1\" content=\"Tiempo de lectura\" \/>\n\t<meta name=\"twitter:data1\" content=\"2 minutos\" \/>\n<script type=\"application\/ld+json\" class=\"yoast-schema-graph\">{\"@context\":\"https:\\\/\\\/schema.org\",\"@graph\":[{\"@type\":\"WebPage\",\"@id\":\"https:\\\/\\\/hermandadmedinaceli.es\\\/index.php\\\/grupo-joven\\\/\",\"url\":\"https:\\\/\\\/hermandadmedinaceli.es\\\/index.php\\\/grupo-joven\\\/\",\"name\":\"Grupo Joven - Hermandad Medinaceli - La L&iacute;nea de la Concepci&oacute;n\",\"isPartOf\":{\"@id\":\"https:\\\/\\\/hermandadmedinaceli.es\\\/#website\"},\"primaryImageOfPage\":{\"@id\":\"https:\\\/\\\/hermandadmedinaceli.es\\\/index.php\\\/grupo-joven\\\/#primaryimage\"},\"image\":{\"@id\":\"https:\\\/\\\/hermandadmedinaceli.es\\\/index.php\\\/grupo-joven\\\/#primaryimage\"},\"thumbnailUrl\":\"https:\\\/\\\/hermandadmedinaceli.es\\\/wp-content\\\/uploads\\\/2025\\\/03\\\/Cruz-de-Guia-6.png\",\"datePublished\":\"2021-07-29T15:24:47+00:00\",\"dateModified\":\"2025-03-10T17:57:07+00:00\",\"breadcrumb\":{\"@id\":\"https:\\\/\\\/hermandadmedinaceli.es\\\/index.php\\\/grupo-joven\\\/#breadcrumb\"},\"inLanguage\":\"es\",\"potentialAction\":[{\"@type\":\"ReadAction\",\"target\":[\"https:\\\/\\\/hermandadmedinaceli.es\\\/index.php\\\/grupo-joven\\\/\"]}]},{\"@type\":\"ImageObject\",\"inLanguage\":\"es\",\"@id\":\"https:\\\/\\\/hermandadmedinaceli.es\\\/index.php\\\/grupo-joven\\\/#primaryimage\",\"url\":\"https:\\\/\\\/hermandadmedinaceli.es\\\/wp-content\\\/uploads\\\/2025\\\/03\\\/Cruz-de-Guia-6.png\",\"contentUrl\":\"https:\\\/\\\/hermandadmedinaceli.es\\\/wp-content\\\/uploads\\\/2025\\\/03\\\/Cruz-de-Guia-6.png\",\"width\":2000,\"height\":663},{\"@type\":\"BreadcrumbList\",\"@id\":\"https:\\\/\\\/hermandadmedinaceli.es\\\/index.php\\\/grupo-joven\\\/#breadcrumb\",\"itemListElement\":[{\"@type\":\"ListItem\",\"position\":1,\"name\":\"Portada\",\"item\":\"https:\\\/\\\/hermandadmedinaceli.es\\\/\"},{\"@type\":\"ListItem\",\"position\":2,\"name\":\"Grupo Joven\"}]},{\"@type\":\"WebSite\",\"@id\":\"https:\\\/\\\/hermandadmedinaceli.es\\\/#website\",\"url\":\"https:\\\/\\\/hermandadmedinaceli.es\\\/\",\"name\":\"Hermandad Medinaceli - La L&iacute;nea de la Concepci&oacute;n\",\"description\":\"\",\"potentialAction\":[{\"@type\":\"SearchAction\",\"target\":{\"@type\":\"EntryPoint\",\"urlTemplate\":\"https:\\\/\\\/hermandadmedinaceli.es\\\/?s={search_term_string}\"},\"query-input\":{\"@type\":\"PropertyValueSpecification\",\"valueRequired\":true,\"valueName\":\"search_term_string\"}}],\"inLanguage\":\"es\"}]}<\/script>\n<!-- \/ Yoast SEO plugin. -->","yoast_head_json":{"title":"Grupo Joven - Hermandad Medinaceli - La L&iacute;nea de la Concepci&oacute;n","robots":{"index":"index","follow":"follow","max-snippet":"max-snippet:-1","max-image-preview":"max-image-preview:large","max-video-preview":"max-video-preview:-1"},"canonical":"https:\/\/hermandadmedinaceli.es\/index.php\/grupo-joven\/","og_locale":"es_ES","og_type":"article","og_title":"Grupo Joven - Hermandad Medinaceli - La L&iacute;nea de la Concepci&oacute;n","og_description":"Juventud de Medinaceli \u00ab\u00a1No teng\u00e1is miedo! \u00a1Abrid, m\u00e1s todav\u00eda, abrid de par en par las puertas a Cristo! Vosotros sois","og_url":"https:\/\/hermandadmedinaceli.es\/index.php\/grupo-joven\/","og_site_name":"Hermandad Medinaceli - La L&iacute;nea de la Concepci&oacute;n","article_modified_time":"2025-03-10T17:57:07+00:00","og_image":[{"url":"https:\/\/hermandadmedinaceli.es\/wp-content\/uploads\/2025\/03\/Cruz-de-Guia-6.png","type":"","width":"","height":""}],"twitter_card":"summary_large_image","twitter_misc":{"Tiempo de lectura":"2 minutos"},"schema":{"@context":"https:\/\/schema.org","@graph":[{"@type":"WebPage","@id":"https:\/\/hermandadmedinaceli.es\/index.php\/grupo-joven\/","url":"https:\/\/hermandadmedinaceli.es\/index.php\/grupo-joven\/","name":"Grupo Joven - Hermandad Medinaceli - La L&iacute;nea de la Concepci&oacute;n","isPartOf":{"@id":"https:\/\/hermandadmedinaceli.es\/#website"},"primaryImageOfPage":{"@id":"https:\/\/hermandadmedinaceli.es\/index.php\/grupo-joven\/#primaryimage"},"image":{"@id":"https:\/\/hermandadmedinaceli.es\/index.php\/grupo-joven\/#primaryimage"},"thumbnailUrl":"https:\/\/hermandadmedinaceli.es\/wp-content\/uploads\/2025\/03\/Cruz-de-Guia-6.png","datePublished":"2021-07-29T15:24:47+00:00","dateModified":"2025-03-10T17:57:07+00:00","breadcrumb":{"@id":"https:\/\/hermandadmedinaceli.es\/index.php\/grupo-joven\/#breadcrumb"},"inLanguage":"es","potentialAction":[{"@type":"ReadAction","target":["https:\/\/hermandadmedinaceli.es\/index.php\/grupo-joven\/"]}]},{"@type":"ImageObject","inLanguage":"es","@id":"https:\/\/hermandadmedinaceli.es\/index.php\/grupo-joven\/#primaryimage","url":"https:\/\/hermandadmedinaceli.es\/wp-content\/uploads\/2025\/03\/Cruz-de-Guia-6.png","contentUrl":"https:\/\/hermandadmedinaceli.es\/wp-content\/uploads\/2025\/03\/Cruz-de-Guia-6.png","width":2000,"height":663},{"@type":"BreadcrumbList","@id":"https:\/\/hermandadmedinaceli.es\/index.php\/grupo-joven\/#breadcrumb","itemListElement":[{"@type":"ListItem","position":1,"name":"Portada","item":"https:\/\/hermandadmedinaceli.es\/"},{"@type":"ListItem","position":2,"name":"Grupo Joven"}]},{"@type":"WebSite","@id":"https:\/\/hermandadmedinaceli.es\/#website","url":"https:\/\/hermandadmedinaceli.es\/","name":"Hermandad Medinaceli - La L&iacute;nea de la Concepci&oacute;n","description":"","potentialAction":[{"@type":"SearchAction","target":{"@type":"EntryPoint","urlTemplate":"https:\/\/hermandadmedinaceli.es\/?s={search_term_string}"},"query-input":{"@type":"PropertyValueSpecification","valueRequired":true,"valueName":"search_term_string"}}],"inLanguage":"es"}]}},"_links":{"self":[{"href":"https:\/\/hermandadmedinaceli.es\/index.php\/wp-json\/wp\/v2\/pages\/604","targetHints":{"allow":["GET"]}}],"collection":[{"href":"https:\/\/hermandadmedinaceli.es\/index.php\/wp-json\/wp\/v2\/pages"}],"about":[{"href":"https:\/\/hermandadmedinaceli.es\/index.php\/wp-json\/wp\/v2\/types\/page"}],"author":[{"embeddable":true,"href":"https:\/\/hermandadmedinaceli.es\/index.php\/wp-json\/wp\/v2\/users\/2"}],"replies":[{"embeddable":true,"href":"https:\/\/hermandadmedinaceli.es\/index.php\/wp-json\/wp\/v2\/comments?post=604"}],"version-history":[{"count":74,"href":"https:\/\/hermandadmedinaceli.es\/index.php\/wp-json\/wp\/v2\/pages\/604\/revisions"}],"predecessor-version":[{"id":2018,"href":"https:\/\/hermandadmedinaceli.es\/index.php\/wp-json\/wp\/v2\/pages\/604\/revisions\/2018"}],"wp:attachment":[{"href":"https:\/\/hermandadmedinaceli.es\/index.php\/wp-json\/wp\/v2\/media?parent=604"}],"curies":[{"name":"wp","href":"https:\/\/api.w.org\/{rel}","templated":true}]}}