{"id":620,"date":"2021-07-29T15:30:29","date_gmt":"2021-07-29T15:30:29","guid":{"rendered":"https:\/\/hermandadmedinaceli.com\/?page_id=620"},"modified":"2025-03-08T15:00:52","modified_gmt":"2025-03-08T15:00:52","slug":"pasos","status":"publish","type":"page","link":"https:\/\/hermandadmedinaceli.es\/index.php\/pasos\/","title":{"rendered":"Pasos"},"content":{"rendered":"\n<h1 class=\"wp-block-heading has-text-color has-link-color wp-elements-8dde6fd97118c02d252cb92f20d2872e\" style=\"color:#411f60\">Paso de Nuestro Padre Jes\u00fas Cautivo y Rescatado (Medinaceli)<\/h1>\n\n\n\n<p><img loading=\"lazy\" decoding=\"async\" class=\"alignleft wp-image-664 \" src=\"https:\/\/hermandadmedinaceli.es\/wp-content\/uploads\/2021\/07\/Medinaceli.jpeg\" alt=\"\" width=\"298\" height=\"446\" srcset=\"https:\/\/hermandadmedinaceli.es\/wp-content\/uploads\/2021\/07\/Medinaceli.jpeg 312w, https:\/\/hermandadmedinaceli.es\/wp-content\/uploads\/2021\/07\/Medinaceli-200x300.jpeg 200w\" sizes=\"auto, (max-width: 298px) 100vw, 298px\" \/>El Paso del Se\u00f1or es obra del Taller de orfebrer\u00eda de Eleuterio Arag\u00f3n e hijos (Motril). El paso se encuentra realizado en orfebrer\u00eda con ba\u00f1o de plata, destacando detalles con ba\u00f1o de oro.<br \/><br \/>Es un paso repleto de simbolismos, por ejemplo los 12 ap\u00f3stoles repartidos entre sus respiraderos. El respiradero cuenta tambi\u00e9n con 4 cartelas ba\u00f1adas en oro, la frontal nos muestra a Santiago Ap\u00f3stol, patr\u00f3n de Espa\u00f1a y de la Parroquia en la que reside la Hermandad, en los laterales y la parte posterior encontramos otras capillas en las que encontramos milagros ocurridos antes de la pasi\u00f3n del Se\u00f1or: La multiplicaci\u00f3n de los panes y los peces, La Tempestad Calmada y La Resurreci\u00f3n de la Hija de Jairo. <br \/><br \/>El canasto cuenta con 4 capillas, la delantera representa la leyenda del rescate del Cristo de Medinaceli llevado a cabo por los Trinitario, se escenifica el momento en el que los trinitarios colocan 30 monedas y la balanza se equilibra; las capillas de los laterales representan una la Calle de la Amargura, con Jes\u00fas cargando con la cruz y cuyo rostro ha sido enjugado por el pa\u00f1o de la mujer Ver\u00f3nica, otra la escena de la muerte de Jes\u00fas en el calvario y la capilla trasera culmina con la Resurrecci\u00f3n del Se\u00f1or, representando estas 3 capillas la pasi\u00f3n, muerte y resurrecci\u00f3n del Se\u00f1or. Todas las capillas son rematadas en su parte superior por \u00e1ngeles pasionistas, a excepci\u00f3n de la frontal que porta el escudo de la Hermandad sobre s\u00ed. En las esquinas del paso encontramos m\u00e1s momentos de la pasi\u00f3n en forma de medallones, en los que encontramos, la Entrada Triunfal, La Oraci\u00f3n en el Huerto, El Beso de Judas y la Flagelaci\u00f3n, cuatro momentos de la pasi\u00f3n que anteceden la advocaci\u00f3n de nuestro Titular. Las esquinas son rematadas por los 4 evangelistas y bajo de ellos los tetramorfos. El canasto se encuentra decorado por guardabrisas dorados situados de manera que permitan iluminar el canasto. En las esquinas superiores del paso encontramos 4 faroles ba\u00f1ados en oro realizados por el orfebre sevillano Manuel de los R\u00edos.<\/p>\n<p>Pr\u00f3ximos al Se\u00f1or encontramos 4 \u00e1ngeles ceriferiarios que le iluminan, tambi\u00e9n realizados por el orfebre D. Eleuterio Arag\u00f3n (Motril).<\/p>\n<p>\u00a0<\/p>\n\n\n\n<h1 class=\"wp-block-heading has-text-color has-link-color wp-elements-c3962c43f80991596232631cac7e1335\" style=\"color:#411f60\">Paso de Palio de Mar\u00eda Sant\u00edsima de la Trinidad<\/h1>\n\n\n\n<p>El paso de palio de Mar\u00eda Sant\u00edsima de la Trinidad es una obra que cuenta con orfebrer\u00eda de varios artesanos, y bordados dise\u00f1ados por N.H. Fray Ricardo de C\u00f3rdoba (Franciscano-Capuchino).<\/p>\n<p>Las bambalinas del paso de palio de Mar\u00eda Sant\u00edsima de la Trinidad se encuentran en proceso de ejecuci\u00f3n por el Taller de Bordados de la Hermandad, bajo la direcci\u00f3n de N.H. D\u00f1a. Antonia Gil y sobre dise\u00f1o de N.H. Fray Ricardo de C\u00f3rdoba (Franciscano-Capuchino). Se tratan de bambalinas realizadas en hilo de oro sobre maya, enriquecidas por 2 jarras de orfebrer\u00eda con azucenas, realizadas por el orfebre sevillano D. Emilio M\u00e9ndez, y con flequer\u00eda D. Sergio Garc\u00eda Guzm\u00e1n.<br \/><img loading=\"lazy\" decoding=\"async\" class=\"alignright wp-image-1805 \" src=\"https:\/\/hermandadmedinaceli.es\/wp-content\/uploads\/2025\/02\/Imagen-de-WhatsApp-2024-11-06-a-las-00.00.49_086936c3.jpg\" alt=\"\" width=\"398\" height=\"398\" srcset=\"https:\/\/hermandadmedinaceli.es\/wp-content\/uploads\/2025\/02\/Imagen-de-WhatsApp-2024-11-06-a-las-00.00.49_086936c3.jpg 1440w, https:\/\/hermandadmedinaceli.es\/wp-content\/uploads\/2025\/02\/Imagen-de-WhatsApp-2024-11-06-a-las-00.00.49_086936c3-300x300.jpg 300w, https:\/\/hermandadmedinaceli.es\/wp-content\/uploads\/2025\/02\/Imagen-de-WhatsApp-2024-11-06-a-las-00.00.49_086936c3-1024x1024.jpg 1024w, https:\/\/hermandadmedinaceli.es\/wp-content\/uploads\/2025\/02\/Imagen-de-WhatsApp-2024-11-06-a-las-00.00.49_086936c3-150x150.jpg 150w, https:\/\/hermandadmedinaceli.es\/wp-content\/uploads\/2025\/02\/Imagen-de-WhatsApp-2024-11-06-a-las-00.00.49_086936c3-768x768.jpg 768w\" sizes=\"auto, (max-width: 398px) 100vw, 398px\" \/><\/p>\n<p>Los respiraderos del paso de Mar\u00eda Sant\u00edsima de la Trinidad son obra de taller de orfebrer\u00eda de Manuel de los R\u00edos (Sevilla), del a\u00f1o 1996. En la capilla frontal encontramos el misterio de la Sant\u00edsima Trinidad, advocaci\u00f3n de nuestra Titular, en las capillas de los laterales encontramos a la Inmaculada Concepci\u00f3n (Patrona de la Ciudad y de Espa\u00f1a) y a Santiago Ap\u00f3stol (Patr\u00f3n de la Parroquia y de Espa\u00f1a).<\/p>\n<p>Los varales, al igual que la peana de la Sant\u00edsima Virgen, tambi\u00e9n son obra del orfebre sevillano Manuel de los R\u00edos, del a\u00f1o 1996. Entre los varales encontramos un juego de 8 jarras realizadas por el taller de Antonio Santos Rodr\u00edguez Campanario, realizadas entre los a\u00f1os 2008 y 2009.<\/p>\n<p>Las 8 calles de candeler\u00eda son obra del orfebre D. Antonio Santos Rodr\u00edguez Campanario (Sevilla) entre los a\u00f1os 2013 y 2023. En la entrecalle, encontramos una pieza de orfebrer\u00eda en el que aparece el Patr\u00f3n del Cuerpo Nacional de Polic\u00eda, donada por la Comisar\u00eda de La L\u00ednea de la Concepci\u00f3n en el a\u00f1o 2018 con motivo del 25 Aniversario de la Bendici\u00f3n de Mar\u00eda Sant\u00edsima de la Trinidad, habiendo sido realizado el Santo \u00c1ngel Custodio por el taller de Arag\u00f3n Orfebres (Motril) y su pedestal por el orfebre D. Emilio M\u00e9ndez (Sevilla).<\/p>\n<p>En la parte posterior encontramos los candelabros de cola, de 12 brazos cada uno. Son obra del Taller de orfebrer\u00eda sevillano de D. Antonio Santos Rodr\u00edguez Campanario, del a\u00f1o 2017.<\/p>\n<p>\u00a0<\/p>\n<!-- AddThis Advanced Settings generic via filter on the_content --><!-- AddThis Share Buttons generic via filter on the_content -->","protected":false},"excerpt":{"rendered":"<p>Paso de Nuestro Padre Jes\u00fas Cautivo y Rescatado (Medinaceli) El Paso del Se\u00f1or es obra del Taller de orfebrer\u00eda de<!-- AddThis Advanced Settings generic via filter on get_the_excerpt --><!-- AddThis Share Buttons generic via filter on get_the_excerpt --><\/p>\n","protected":false},"author":2,"featured_media":0,"parent":0,"menu_order":0,"comment_status":"closed","ping_status":"closed","template":"","meta":{"colormag_page_container_layout":"default_layout","colormag_page_sidebar_layout":"default_layout","_monsterinsights_skip_tracking":false,"_monsterinsights_sitenote_active":false,"_monsterinsights_sitenote_note":"","_monsterinsights_sitenote_category":0,"_mc_calendar":[],"footnotes":""},"class_list":["post-620","page","type-page","status-publish","hentry"],"yoast_head":"<!-- This site is optimized with the Yoast SEO plugin v27.4 - https:\/\/yoast.com\/product\/yoast-seo-wordpress\/ -->\n<title>Pasos - Hermandad Medinaceli - La L&iacute;nea de la Concepci&oacute;n<\/title>\n<meta name=\"robots\" content=\"index, follow, max-snippet:-1, max-image-preview:large, max-video-preview:-1\" \/>\n<link rel=\"canonical\" href=\"https:\/\/hermandadmedinaceli.es\/index.php\/pasos\/\" \/>\n<meta property=\"og:locale\" content=\"es_ES\" \/>\n<meta property=\"og:type\" content=\"article\" \/>\n<meta property=\"og:title\" content=\"Pasos - Hermandad Medinaceli - La L&iacute;nea de la Concepci&oacute;n\" \/>\n<meta property=\"og:description\" content=\"Paso de Nuestro Padre Jes\u00fas Cautivo y Rescatado (Medinaceli) El Paso del Se\u00f1or es obra del Taller de orfebrer\u00eda de\" \/>\n<meta property=\"og:url\" content=\"https:\/\/hermandadmedinaceli.es\/index.php\/pasos\/\" \/>\n<meta property=\"og:site_name\" content=\"Hermandad Medinaceli - La L&iacute;nea de la Concepci&oacute;n\" \/>\n<meta property=\"article:modified_time\" content=\"2025-03-08T15:00:52+00:00\" \/>\n<meta property=\"og:image\" content=\"https:\/\/hermandadmedinaceli.es\/wp-content\/uploads\/2021\/07\/Medinaceli.jpeg\" \/>\n<meta name=\"twitter:card\" content=\"summary_large_image\" \/>\n<meta name=\"twitter:label1\" content=\"Tiempo de lectura\" \/>\n\t<meta name=\"twitter:data1\" content=\"4 minutos\" \/>\n<script type=\"application\/ld+json\" class=\"yoast-schema-graph\">{\"@context\":\"https:\\\/\\\/schema.org\",\"@graph\":[{\"@type\":\"WebPage\",\"@id\":\"https:\\\/\\\/hermandadmedinaceli.es\\\/index.php\\\/pasos\\\/\",\"url\":\"https:\\\/\\\/hermandadmedinaceli.es\\\/index.php\\\/pasos\\\/\",\"name\":\"Pasos - Hermandad Medinaceli - La L&iacute;nea de la Concepci&oacute;n\",\"isPartOf\":{\"@id\":\"https:\\\/\\\/hermandadmedinaceli.es\\\/#website\"},\"primaryImageOfPage\":{\"@id\":\"https:\\\/\\\/hermandadmedinaceli.es\\\/index.php\\\/pasos\\\/#primaryimage\"},\"image\":{\"@id\":\"https:\\\/\\\/hermandadmedinaceli.es\\\/index.php\\\/pasos\\\/#primaryimage\"},\"thumbnailUrl\":\"https:\\\/\\\/hermandadmedinaceli.es\\\/wp-content\\\/uploads\\\/2021\\\/07\\\/Medinaceli.jpeg\",\"datePublished\":\"2021-07-29T15:30:29+00:00\",\"dateModified\":\"2025-03-08T15:00:52+00:00\",\"breadcrumb\":{\"@id\":\"https:\\\/\\\/hermandadmedinaceli.es\\\/index.php\\\/pasos\\\/#breadcrumb\"},\"inLanguage\":\"es\",\"potentialAction\":[{\"@type\":\"ReadAction\",\"target\":[\"https:\\\/\\\/hermandadmedinaceli.es\\\/index.php\\\/pasos\\\/\"]}]},{\"@type\":\"ImageObject\",\"inLanguage\":\"es\",\"@id\":\"https:\\\/\\\/hermandadmedinaceli.es\\\/index.php\\\/pasos\\\/#primaryimage\",\"url\":\"https:\\\/\\\/hermandadmedinaceli.es\\\/wp-content\\\/uploads\\\/2021\\\/07\\\/Medinaceli.jpeg\",\"contentUrl\":\"https:\\\/\\\/hermandadmedinaceli.es\\\/wp-content\\\/uploads\\\/2021\\\/07\\\/Medinaceli.jpeg\",\"width\":312,\"height\":467},{\"@type\":\"BreadcrumbList\",\"@id\":\"https:\\\/\\\/hermandadmedinaceli.es\\\/index.php\\\/pasos\\\/#breadcrumb\",\"itemListElement\":[{\"@type\":\"ListItem\",\"position\":1,\"name\":\"Portada\",\"item\":\"https:\\\/\\\/hermandadmedinaceli.es\\\/\"},{\"@type\":\"ListItem\",\"position\":2,\"name\":\"Pasos\"}]},{\"@type\":\"WebSite\",\"@id\":\"https:\\\/\\\/hermandadmedinaceli.es\\\/#website\",\"url\":\"https:\\\/\\\/hermandadmedinaceli.es\\\/\",\"name\":\"Hermandad Medinaceli - La L&iacute;nea de la Concepci&oacute;n\",\"description\":\"\",\"potentialAction\":[{\"@type\":\"SearchAction\",\"target\":{\"@type\":\"EntryPoint\",\"urlTemplate\":\"https:\\\/\\\/hermandadmedinaceli.es\\\/?s={search_term_string}\"},\"query-input\":{\"@type\":\"PropertyValueSpecification\",\"valueRequired\":true,\"valueName\":\"search_term_string\"}}],\"inLanguage\":\"es\"}]}<\/script>\n<!-- \/ Yoast SEO plugin. -->","yoast_head_json":{"title":"Pasos - Hermandad Medinaceli - La L&iacute;nea de la Concepci&oacute;n","robots":{"index":"index","follow":"follow","max-snippet":"max-snippet:-1","max-image-preview":"max-image-preview:large","max-video-preview":"max-video-preview:-1"},"canonical":"https:\/\/hermandadmedinaceli.es\/index.php\/pasos\/","og_locale":"es_ES","og_type":"article","og_title":"Pasos - Hermandad Medinaceli - La L&iacute;nea de la Concepci&oacute;n","og_description":"Paso de Nuestro Padre Jes\u00fas Cautivo y Rescatado (Medinaceli) El Paso del Se\u00f1or es obra del Taller de orfebrer\u00eda de","og_url":"https:\/\/hermandadmedinaceli.es\/index.php\/pasos\/","og_site_name":"Hermandad Medinaceli - La L&iacute;nea de la Concepci&oacute;n","article_modified_time":"2025-03-08T15:00:52+00:00","og_image":[{"url":"https:\/\/hermandadmedinaceli.es\/wp-content\/uploads\/2021\/07\/Medinaceli.jpeg","type":"","width":"","height":""}],"twitter_card":"summary_large_image","twitter_misc":{"Tiempo de lectura":"4 minutos"},"schema":{"@context":"https:\/\/schema.org","@graph":[{"@type":"WebPage","@id":"https:\/\/hermandadmedinaceli.es\/index.php\/pasos\/","url":"https:\/\/hermandadmedinaceli.es\/index.php\/pasos\/","name":"Pasos - Hermandad Medinaceli - La L&iacute;nea de la Concepci&oacute;n","isPartOf":{"@id":"https:\/\/hermandadmedinaceli.es\/#website"},"primaryImageOfPage":{"@id":"https:\/\/hermandadmedinaceli.es\/index.php\/pasos\/#primaryimage"},"image":{"@id":"https:\/\/hermandadmedinaceli.es\/index.php\/pasos\/#primaryimage"},"thumbnailUrl":"https:\/\/hermandadmedinaceli.es\/wp-content\/uploads\/2021\/07\/Medinaceli.jpeg","datePublished":"2021-07-29T15:30:29+00:00","dateModified":"2025-03-08T15:00:52+00:00","breadcrumb":{"@id":"https:\/\/hermandadmedinaceli.es\/index.php\/pasos\/#breadcrumb"},"inLanguage":"es","potentialAction":[{"@type":"ReadAction","target":["https:\/\/hermandadmedinaceli.es\/index.php\/pasos\/"]}]},{"@type":"ImageObject","inLanguage":"es","@id":"https:\/\/hermandadmedinaceli.es\/index.php\/pasos\/#primaryimage","url":"https:\/\/hermandadmedinaceli.es\/wp-content\/uploads\/2021\/07\/Medinaceli.jpeg","contentUrl":"https:\/\/hermandadmedinaceli.es\/wp-content\/uploads\/2021\/07\/Medinaceli.jpeg","width":312,"height":467},{"@type":"BreadcrumbList","@id":"https:\/\/hermandadmedinaceli.es\/index.php\/pasos\/#breadcrumb","itemListElement":[{"@type":"ListItem","position":1,"name":"Portada","item":"https:\/\/hermandadmedinaceli.es\/"},{"@type":"ListItem","position":2,"name":"Pasos"}]},{"@type":"WebSite","@id":"https:\/\/hermandadmedinaceli.es\/#website","url":"https:\/\/hermandadmedinaceli.es\/","name":"Hermandad Medinaceli - La L&iacute;nea de la Concepci&oacute;n","description":"","potentialAction":[{"@type":"SearchAction","target":{"@type":"EntryPoint","urlTemplate":"https:\/\/hermandadmedinaceli.es\/?s={search_term_string}"},"query-input":{"@type":"PropertyValueSpecification","valueRequired":true,"valueName":"search_term_string"}}],"inLanguage":"es"}]}},"_links":{"self":[{"href":"https:\/\/hermandadmedinaceli.es\/index.php\/wp-json\/wp\/v2\/pages\/620","targetHints":{"allow":["GET"]}}],"collection":[{"href":"https:\/\/hermandadmedinaceli.es\/index.php\/wp-json\/wp\/v2\/pages"}],"about":[{"href":"https:\/\/hermandadmedinaceli.es\/index.php\/wp-json\/wp\/v2\/types\/page"}],"author":[{"embeddable":true,"href":"https:\/\/hermandadmedinaceli.es\/index.php\/wp-json\/wp\/v2\/users\/2"}],"replies":[{"embeddable":true,"href":"https:\/\/hermandadmedinaceli.es\/index.php\/wp-json\/wp\/v2\/comments?post=620"}],"version-history":[{"count":8,"href":"https:\/\/hermandadmedinaceli.es\/index.php\/wp-json\/wp\/v2\/pages\/620\/revisions"}],"predecessor-version":[{"id":1992,"href":"https:\/\/hermandadmedinaceli.es\/index.php\/wp-json\/wp\/v2\/pages\/620\/revisions\/1992"}],"wp:attachment":[{"href":"https:\/\/hermandadmedinaceli.es\/index.php\/wp-json\/wp\/v2\/media?parent=620"}],"curies":[{"name":"wp","href":"https:\/\/api.w.org\/{rel}","templated":true}]}}