{"id":628,"date":"2021-07-29T15:33:14","date_gmt":"2021-07-29T15:33:14","guid":{"rendered":"https:\/\/hermandadmedinaceli.com\/?page_id=628"},"modified":"2025-02-12T23:14:40","modified_gmt":"2025-02-12T23:14:40","slug":"normativa","status":"publish","type":"page","link":"https:\/\/hermandadmedinaceli.es\/index.php\/normativa\/","title":{"rendered":"Normativa"},"content":{"rendered":"\n<h1 class=\"wp-block-heading has-text-color has-link-color wp-elements-e8ce492d5ba20ca15840e4249f1468e8\" style=\"color:#4b2073\">Normativa para realizar la Estaci\u00f3n de Penitencia<\/h1>\n\n\n\n<figure id=\"attachment_1764\" aria-describedby=\"caption-attachment-1764\" style=\"width: 216px\" class=\"wp-caption alignright\"><img loading=\"lazy\" decoding=\"async\" class=\"wp-image-1764 \" src=\"https:\/\/hermandadmedinaceli.es\/wp-content\/uploads\/2025\/02\/MEDINACELI2022-4-1-683x1024-1.jpg\" alt=\"\" width=\"216\" height=\"324\" srcset=\"https:\/\/hermandadmedinaceli.es\/wp-content\/uploads\/2025\/02\/MEDINACELI2022-4-1-683x1024-1.jpg 683w, https:\/\/hermandadmedinaceli.es\/wp-content\/uploads\/2025\/02\/MEDINACELI2022-4-1-683x1024-1-200x300.jpg 200w\" sizes=\"auto, (max-width: 216px) 100vw, 216px\" \/><figcaption id=\"caption-attachment-1764\" class=\"wp-caption-text\">Imagen tomada de La L\u00ednea Cofrade<\/figcaption><\/figure>\n<p style=\"text-align: justify;\">Todos los hermanos que vayan a realizar la Estaci\u00f3n de Penitencia deben estar en la Parroquia de Santiago Ap\u00f3stol antes de las 18:00 horas del Mi\u00e9rcoles Santo. Rogamos m\u00e1xima puntualidad para facilitar las tareas de organizaci\u00f3n del cortejo a los equipos de Mayordom\u00eda y Fiscal\u00eda.<br \/>Recuerda que para acceder a la Parroquia ser\u00e1 necesario presentar la correspondiente papeleta de sitio.<br \/>Si acompa\u00f1as al Se\u00f1or o a la Sant\u00edsima Virgen como nazareno debes recordar los siguientes puntos:<\/p>\n<ul>\n<li style=\"text-align: justify;\">Debes portar el correspondiente h\u00e1bito nazareno de la Hermandad, no permiti\u00e9ndose portar ning\u00fan elemento que distorsione, salvo la alianza matrimonial.<\/li>\n<li style=\"text-align: justify;\">En el caso de nuestras hermanas, si tienen el pelo largo, que deben recoger sus cabellos de manera que no sobresalgan del antifaz. No se permite tampoco el uso de laca de u\u00f1as.\u00a0<\/li>\n<li>Desde el mismo instante en que la Santa Cruz de Gu\u00eda salga a la calle queda prohibido: hablar, comer, beber y levantarse el capirote. Debemos ser conscientes de que estamos realizando un acto penitencial. L\u00f3gicamente queda prohibido el tel\u00e9fono m\u00f3vil.<\/li>\n<li>Los Diputados de Tramo son los responsables designados por el Fiscal para, en actitud de servicio, organizar y auxiliar a todos los hermanos que forman parte del cortejo. Por ello, debemos atender a todas sus indicaciones.<\/li>\n<li style=\"text-align: justify;\">Todos los hermanos de cirio y cruz deber\u00e1n portarlos hacia el interior. El cirio se apoyar\u00e1 en la cintura y se bajar\u00e1 siempre que lo baje el hermano que nos precede.<\/li>\n<li>Una vez en la calle, se guardar\u00e1 una distancia de 2 metros aprox.; con respecto al hermano que llevamos delante.<\/li>\n<li style=\"text-align: justify;\">Si alg\u00fan nazareno se sintiera indispuesto durante el recorrido este debe comunicarlo al diputado de tramo, el cual le dar\u00e1 la autorizaci\u00f3n para abandonar el cortejo si es necesario.<\/li>\n<li style=\"text-align: justify;\">Ning\u00fan nazareno abandonar\u00e1 el templo hasta que el paso de Mar\u00eda Sant\u00edsima de la Trinidad est\u00e9 colocado en su lugar. Constituye una falta de respeto a nuestra Titular no esperar su regreso y recogida. Se ruega igualmente, que terminando el recorrido, los hermanos nazarenos entreguen sus cirios.<\/li>\n<\/ul>\n<!-- AddThis Advanced Settings generic via filter on the_content --><!-- AddThis Share Buttons generic via filter on the_content -->","protected":false},"excerpt":{"rendered":"<p>Normativa para realizar la Estaci\u00f3n de Penitencia Todos los hermanos que vayan a realizar la Estaci\u00f3n de Penitencia deben estar<!-- AddThis Advanced Settings generic via filter on get_the_excerpt --><!-- AddThis Share Buttons generic via filter on get_the_excerpt --><\/p>\n","protected":false},"author":2,"featured_media":0,"parent":0,"menu_order":0,"comment_status":"closed","ping_status":"closed","template":"","meta":{"colormag_page_container_layout":"default_layout","colormag_page_sidebar_layout":"default_layout","_monsterinsights_skip_tracking":false,"_monsterinsights_sitenote_active":false,"_monsterinsights_sitenote_note":"","_monsterinsights_sitenote_category":0,"_mc_calendar":[],"footnotes":""},"class_list":["post-628","page","type-page","status-publish","hentry"],"yoast_head":"<!-- This site is optimized with the Yoast SEO plugin v27.4 - https:\/\/yoast.com\/product\/yoast-seo-wordpress\/ -->\n<title>Normativa - Hermandad Medinaceli - La L&iacute;nea de la Concepci&oacute;n<\/title>\n<meta name=\"robots\" content=\"index, follow, max-snippet:-1, max-image-preview:large, max-video-preview:-1\" \/>\n<link rel=\"canonical\" href=\"https:\/\/hermandadmedinaceli.es\/index.php\/normativa\/\" \/>\n<meta property=\"og:locale\" content=\"es_ES\" \/>\n<meta property=\"og:type\" content=\"article\" \/>\n<meta property=\"og:title\" content=\"Normativa - Hermandad Medinaceli - La L&iacute;nea de la Concepci&oacute;n\" \/>\n<meta property=\"og:description\" content=\"Normativa para realizar la Estaci\u00f3n de Penitencia Todos los hermanos que vayan a realizar la Estaci\u00f3n de Penitencia deben estar\" \/>\n<meta property=\"og:url\" content=\"https:\/\/hermandadmedinaceli.es\/index.php\/normativa\/\" \/>\n<meta property=\"og:site_name\" content=\"Hermandad Medinaceli - La L&iacute;nea de la Concepci&oacute;n\" \/>\n<meta property=\"article:modified_time\" content=\"2025-02-12T23:14:40+00:00\" \/>\n<meta property=\"og:image\" content=\"https:\/\/hermandadmedinaceli.es\/wp-content\/uploads\/2025\/02\/MEDINACELI2022-4-1-683x1024-1.jpg\" \/>\n<meta name=\"twitter:card\" content=\"summary_large_image\" \/>\n<meta name=\"twitter:label1\" content=\"Tiempo de lectura\" \/>\n\t<meta name=\"twitter:data1\" content=\"2 minutos\" \/>\n<script type=\"application\/ld+json\" class=\"yoast-schema-graph\">{\"@context\":\"https:\\\/\\\/schema.org\",\"@graph\":[{\"@type\":\"WebPage\",\"@id\":\"https:\\\/\\\/hermandadmedinaceli.es\\\/index.php\\\/normativa\\\/\",\"url\":\"https:\\\/\\\/hermandadmedinaceli.es\\\/index.php\\\/normativa\\\/\",\"name\":\"Normativa - Hermandad Medinaceli - La L&iacute;nea de la Concepci&oacute;n\",\"isPartOf\":{\"@id\":\"https:\\\/\\\/hermandadmedinaceli.es\\\/#website\"},\"primaryImageOfPage\":{\"@id\":\"https:\\\/\\\/hermandadmedinaceli.es\\\/index.php\\\/normativa\\\/#primaryimage\"},\"image\":{\"@id\":\"https:\\\/\\\/hermandadmedinaceli.es\\\/index.php\\\/normativa\\\/#primaryimage\"},\"thumbnailUrl\":\"https:\\\/\\\/hermandadmedinaceli.es\\\/wp-content\\\/uploads\\\/2025\\\/02\\\/MEDINACELI2022-4-1-683x1024-1.jpg\",\"datePublished\":\"2021-07-29T15:33:14+00:00\",\"dateModified\":\"2025-02-12T23:14:40+00:00\",\"breadcrumb\":{\"@id\":\"https:\\\/\\\/hermandadmedinaceli.es\\\/index.php\\\/normativa\\\/#breadcrumb\"},\"inLanguage\":\"es\",\"potentialAction\":[{\"@type\":\"ReadAction\",\"target\":[\"https:\\\/\\\/hermandadmedinaceli.es\\\/index.php\\\/normativa\\\/\"]}]},{\"@type\":\"ImageObject\",\"inLanguage\":\"es\",\"@id\":\"https:\\\/\\\/hermandadmedinaceli.es\\\/index.php\\\/normativa\\\/#primaryimage\",\"url\":\"https:\\\/\\\/hermandadmedinaceli.es\\\/wp-content\\\/uploads\\\/2025\\\/02\\\/MEDINACELI2022-4-1-683x1024-1.jpg\",\"contentUrl\":\"https:\\\/\\\/hermandadmedinaceli.es\\\/wp-content\\\/uploads\\\/2025\\\/02\\\/MEDINACELI2022-4-1-683x1024-1.jpg\",\"width\":683,\"height\":1024},{\"@type\":\"BreadcrumbList\",\"@id\":\"https:\\\/\\\/hermandadmedinaceli.es\\\/index.php\\\/normativa\\\/#breadcrumb\",\"itemListElement\":[{\"@type\":\"ListItem\",\"position\":1,\"name\":\"Portada\",\"item\":\"https:\\\/\\\/hermandadmedinaceli.es\\\/\"},{\"@type\":\"ListItem\",\"position\":2,\"name\":\"Normativa\"}]},{\"@type\":\"WebSite\",\"@id\":\"https:\\\/\\\/hermandadmedinaceli.es\\\/#website\",\"url\":\"https:\\\/\\\/hermandadmedinaceli.es\\\/\",\"name\":\"Hermandad Medinaceli - La L&iacute;nea de la Concepci&oacute;n\",\"description\":\"\",\"potentialAction\":[{\"@type\":\"SearchAction\",\"target\":{\"@type\":\"EntryPoint\",\"urlTemplate\":\"https:\\\/\\\/hermandadmedinaceli.es\\\/?s={search_term_string}\"},\"query-input\":{\"@type\":\"PropertyValueSpecification\",\"valueRequired\":true,\"valueName\":\"search_term_string\"}}],\"inLanguage\":\"es\"}]}<\/script>\n<!-- \/ Yoast SEO plugin. -->","yoast_head_json":{"title":"Normativa - Hermandad Medinaceli - La L&iacute;nea de la Concepci&oacute;n","robots":{"index":"index","follow":"follow","max-snippet":"max-snippet:-1","max-image-preview":"max-image-preview:large","max-video-preview":"max-video-preview:-1"},"canonical":"https:\/\/hermandadmedinaceli.es\/index.php\/normativa\/","og_locale":"es_ES","og_type":"article","og_title":"Normativa - Hermandad Medinaceli - La L&iacute;nea de la Concepci&oacute;n","og_description":"Normativa para realizar la Estaci\u00f3n de Penitencia Todos los hermanos que vayan a realizar la Estaci\u00f3n de Penitencia deben estar","og_url":"https:\/\/hermandadmedinaceli.es\/index.php\/normativa\/","og_site_name":"Hermandad Medinaceli - La L&iacute;nea de la Concepci&oacute;n","article_modified_time":"2025-02-12T23:14:40+00:00","og_image":[{"url":"https:\/\/hermandadmedinaceli.es\/wp-content\/uploads\/2025\/02\/MEDINACELI2022-4-1-683x1024-1.jpg","type":"","width":"","height":""}],"twitter_card":"summary_large_image","twitter_misc":{"Tiempo de lectura":"2 minutos"},"schema":{"@context":"https:\/\/schema.org","@graph":[{"@type":"WebPage","@id":"https:\/\/hermandadmedinaceli.es\/index.php\/normativa\/","url":"https:\/\/hermandadmedinaceli.es\/index.php\/normativa\/","name":"Normativa - Hermandad Medinaceli - La L&iacute;nea de la Concepci&oacute;n","isPartOf":{"@id":"https:\/\/hermandadmedinaceli.es\/#website"},"primaryImageOfPage":{"@id":"https:\/\/hermandadmedinaceli.es\/index.php\/normativa\/#primaryimage"},"image":{"@id":"https:\/\/hermandadmedinaceli.es\/index.php\/normativa\/#primaryimage"},"thumbnailUrl":"https:\/\/hermandadmedinaceli.es\/wp-content\/uploads\/2025\/02\/MEDINACELI2022-4-1-683x1024-1.jpg","datePublished":"2021-07-29T15:33:14+00:00","dateModified":"2025-02-12T23:14:40+00:00","breadcrumb":{"@id":"https:\/\/hermandadmedinaceli.es\/index.php\/normativa\/#breadcrumb"},"inLanguage":"es","potentialAction":[{"@type":"ReadAction","target":["https:\/\/hermandadmedinaceli.es\/index.php\/normativa\/"]}]},{"@type":"ImageObject","inLanguage":"es","@id":"https:\/\/hermandadmedinaceli.es\/index.php\/normativa\/#primaryimage","url":"https:\/\/hermandadmedinaceli.es\/wp-content\/uploads\/2025\/02\/MEDINACELI2022-4-1-683x1024-1.jpg","contentUrl":"https:\/\/hermandadmedinaceli.es\/wp-content\/uploads\/2025\/02\/MEDINACELI2022-4-1-683x1024-1.jpg","width":683,"height":1024},{"@type":"BreadcrumbList","@id":"https:\/\/hermandadmedinaceli.es\/index.php\/normativa\/#breadcrumb","itemListElement":[{"@type":"ListItem","position":1,"name":"Portada","item":"https:\/\/hermandadmedinaceli.es\/"},{"@type":"ListItem","position":2,"name":"Normativa"}]},{"@type":"WebSite","@id":"https:\/\/hermandadmedinaceli.es\/#website","url":"https:\/\/hermandadmedinaceli.es\/","name":"Hermandad Medinaceli - La L&iacute;nea de la Concepci&oacute;n","description":"","potentialAction":[{"@type":"SearchAction","target":{"@type":"EntryPoint","urlTemplate":"https:\/\/hermandadmedinaceli.es\/?s={search_term_string}"},"query-input":{"@type":"PropertyValueSpecification","valueRequired":true,"valueName":"search_term_string"}}],"inLanguage":"es"}]}},"_links":{"self":[{"href":"https:\/\/hermandadmedinaceli.es\/index.php\/wp-json\/wp\/v2\/pages\/628","targetHints":{"allow":["GET"]}}],"collection":[{"href":"https:\/\/hermandadmedinaceli.es\/index.php\/wp-json\/wp\/v2\/pages"}],"about":[{"href":"https:\/\/hermandadmedinaceli.es\/index.php\/wp-json\/wp\/v2\/types\/page"}],"author":[{"embeddable":true,"href":"https:\/\/hermandadmedinaceli.es\/index.php\/wp-json\/wp\/v2\/users\/2"}],"replies":[{"embeddable":true,"href":"https:\/\/hermandadmedinaceli.es\/index.php\/wp-json\/wp\/v2\/comments?post=628"}],"version-history":[{"count":6,"href":"https:\/\/hermandadmedinaceli.es\/index.php\/wp-json\/wp\/v2\/pages\/628\/revisions"}],"predecessor-version":[{"id":1773,"href":"https:\/\/hermandadmedinaceli.es\/index.php\/wp-json\/wp\/v2\/pages\/628\/revisions\/1773"}],"wp:attachment":[{"href":"https:\/\/hermandadmedinaceli.es\/index.php\/wp-json\/wp\/v2\/media?parent=628"}],"curies":[{"name":"wp","href":"https:\/\/api.w.org\/{rel}","templated":true}]}}