{"id":630,"date":"2021-07-29T15:33:45","date_gmt":"2021-07-29T15:33:45","guid":{"rendered":"https:\/\/hermandadmedinaceli.com\/?page_id=630"},"modified":"2025-02-12T23:27:56","modified_gmt":"2025-02-12T23:27:56","slug":"habito","status":"publish","type":"page","link":"https:\/\/hermandadmedinaceli.es\/index.php\/habito\/","title":{"rendered":"H\u00e1bito"},"content":{"rendered":"\n<h1 class=\"wp-block-heading has-text-color\" style=\"color:#5c1389\">H\u00e1bito Nazareno<\/h1>\n\n\n\n<p><\/p>\n<p><strong><em><img loading=\"lazy\" decoding=\"async\" class=\"wp-image-916  alignright\" src=\"https:\/\/hermandadmedinaceli.es\/wp-content\/uploads\/2021\/08\/326_habito-68x150-1-1.png\" alt=\"\" width=\"189\" height=\"417\" \/>La t\u00fanica:<\/em><\/strong><\/p>\n<p> <\/p>\n<ul class=\"wp-block-list\">\n<li>Ser\u00e1 realizada en sarga blanca, llevando en la parte frontal a todo su largo una pieza del mismo tejido (tapeta) de _ cent\u00edmetros de ancho, desde la parte superior hasta la inferior. En esta tapeta fijaremos la botonadura, ser\u00e1n botones forrados en sarga morada y fijados a una distancia de separaci\u00f3n entre ellos de 4 cent\u00edmetros. <\/li>\n<li>En cada manga, tambi\u00e9n fijaremos una peque\u00f1a tapeta donde alojaremos solamente 3 botones, del mismo di\u00e1metro que los indicados anteriormente e igualmente a la misma distancia entre s\u00ed.<\/li>\n<\/ul>\n<p><br \/><strong><em>El antifaz:<\/em><\/strong><\/p>\n<p> <\/p>\n<ul class=\"wp-block-list\">\n<li>Ser\u00e1 realizado en sarga blanca, confeccion\u00e1ndose la parte delantera en forma de babero, pronunci\u00e1ndose llegar a la distancia de 10 cm por encima del c\u00edngulo. En la parte frontal del antifaz, a la altura del pecho, fijaremos el escudo con la cruz trinitaria. El antifaz se confeccionar\u00e1 sobre capirote de 80 cm de altura.<\/li>\n<\/ul>\n<p> <\/p>\n<p><strong><em>La capa:<\/em><\/strong><\/p>\n<p> <\/p>\n<ul class=\"wp-block-list\">\n<li>Ser\u00e1 realizada en sarga blanca, fij\u00e1ndose el escudo de la Hermandad sobre el hombro izquierdo.<\/li>\n<\/ul>\n<p> <\/p>\n<p><strong><em>El c\u00edngulo:<\/em><\/strong><\/p>\n<p> <\/p>\n<ul class=\"wp-block-list\">\n<li>Ser\u00e1 de color morado, realizado en hilos de seda.<\/li>\n<\/ul>\n<p> <\/p>\n<p><strong><em>El calzado:<\/em><\/strong><\/p>\n<p> <\/p>\n<ul>\n<li>Ser\u00e1n zapatos en color negro, estando prohibido el uso de calzado deportivo.<\/li>\n<\/ul>\n<p><\/p>\n<!-- AddThis Advanced Settings generic via filter on the_content --><!-- AddThis Share Buttons generic via filter on the_content -->","protected":false},"excerpt":{"rendered":"<p>H\u00e1bito Nazareno<!-- AddThis Advanced Settings generic via filter on get_the_excerpt --><!-- AddThis Share Buttons generic via filter on get_the_excerpt --><\/p>\n","protected":false},"author":2,"featured_media":0,"parent":0,"menu_order":0,"comment_status":"closed","ping_status":"closed","template":"","meta":{"colormag_page_container_layout":"default_layout","colormag_page_sidebar_layout":"default_layout","_monsterinsights_skip_tracking":false,"_monsterinsights_sitenote_active":false,"_monsterinsights_sitenote_note":"","_monsterinsights_sitenote_category":0,"_mc_calendar":[],"footnotes":""},"class_list":["post-630","page","type-page","status-publish","hentry"],"yoast_head":"<!-- This site is optimized with the Yoast SEO plugin v27.4 - https:\/\/yoast.com\/product\/yoast-seo-wordpress\/ -->\n<title>H\u00e1bito - Hermandad Medinaceli - La L&iacute;nea de la Concepci&oacute;n<\/title>\n<meta name=\"robots\" content=\"index, follow, max-snippet:-1, max-image-preview:large, max-video-preview:-1\" \/>\n<link rel=\"canonical\" href=\"https:\/\/hermandadmedinaceli.es\/index.php\/habito\/\" \/>\n<meta property=\"og:locale\" content=\"es_ES\" \/>\n<meta property=\"og:type\" content=\"article\" \/>\n<meta property=\"og:title\" content=\"H\u00e1bito - Hermandad Medinaceli - La L&iacute;nea de la Concepci&oacute;n\" \/>\n<meta property=\"og:description\" content=\"H\u00e1bito Nazareno\" \/>\n<meta property=\"og:url\" content=\"https:\/\/hermandadmedinaceli.es\/index.php\/habito\/\" \/>\n<meta property=\"og:site_name\" content=\"Hermandad Medinaceli - La L&iacute;nea de la Concepci&oacute;n\" \/>\n<meta property=\"article:modified_time\" content=\"2025-02-12T23:27:56+00:00\" \/>\n<meta property=\"og:image\" content=\"https:\/\/hermandadmedinaceli.es\/wp-content\/uploads\/2021\/08\/326_habito-68x150-1-1.png\" \/>\n<meta name=\"twitter:card\" content=\"summary_large_image\" \/>\n<meta name=\"twitter:label1\" content=\"Tiempo de lectura\" \/>\n\t<meta name=\"twitter:data1\" content=\"2 minutos\" \/>\n<script type=\"application\/ld+json\" class=\"yoast-schema-graph\">{\"@context\":\"https:\\\/\\\/schema.org\",\"@graph\":[{\"@type\":\"WebPage\",\"@id\":\"https:\\\/\\\/hermandadmedinaceli.es\\\/index.php\\\/habito\\\/\",\"url\":\"https:\\\/\\\/hermandadmedinaceli.es\\\/index.php\\\/habito\\\/\",\"name\":\"H\u00e1bito - Hermandad Medinaceli - La L&iacute;nea de la Concepci&oacute;n\",\"isPartOf\":{\"@id\":\"https:\\\/\\\/hermandadmedinaceli.es\\\/#website\"},\"primaryImageOfPage\":{\"@id\":\"https:\\\/\\\/hermandadmedinaceli.es\\\/index.php\\\/habito\\\/#primaryimage\"},\"image\":{\"@id\":\"https:\\\/\\\/hermandadmedinaceli.es\\\/index.php\\\/habito\\\/#primaryimage\"},\"thumbnailUrl\":\"https:\\\/\\\/hermandadmedinaceli.es\\\/wp-content\\\/uploads\\\/2021\\\/08\\\/326_habito-68x150-1-1.png\",\"datePublished\":\"2021-07-29T15:33:45+00:00\",\"dateModified\":\"2025-02-12T23:27:56+00:00\",\"breadcrumb\":{\"@id\":\"https:\\\/\\\/hermandadmedinaceli.es\\\/index.php\\\/habito\\\/#breadcrumb\"},\"inLanguage\":\"es\",\"potentialAction\":[{\"@type\":\"ReadAction\",\"target\":[\"https:\\\/\\\/hermandadmedinaceli.es\\\/index.php\\\/habito\\\/\"]}]},{\"@type\":\"ImageObject\",\"inLanguage\":\"es\",\"@id\":\"https:\\\/\\\/hermandadmedinaceli.es\\\/index.php\\\/habito\\\/#primaryimage\",\"url\":\"https:\\\/\\\/hermandadmedinaceli.es\\\/wp-content\\\/uploads\\\/2021\\\/08\\\/326_habito-68x150-1-1.png\",\"contentUrl\":\"https:\\\/\\\/hermandadmedinaceli.es\\\/wp-content\\\/uploads\\\/2021\\\/08\\\/326_habito-68x150-1-1.png\",\"width\":68,\"height\":150},{\"@type\":\"BreadcrumbList\",\"@id\":\"https:\\\/\\\/hermandadmedinaceli.es\\\/index.php\\\/habito\\\/#breadcrumb\",\"itemListElement\":[{\"@type\":\"ListItem\",\"position\":1,\"name\":\"Portada\",\"item\":\"https:\\\/\\\/hermandadmedinaceli.es\\\/\"},{\"@type\":\"ListItem\",\"position\":2,\"name\":\"H\u00e1bito\"}]},{\"@type\":\"WebSite\",\"@id\":\"https:\\\/\\\/hermandadmedinaceli.es\\\/#website\",\"url\":\"https:\\\/\\\/hermandadmedinaceli.es\\\/\",\"name\":\"Hermandad Medinaceli - La L&iacute;nea de la Concepci&oacute;n\",\"description\":\"\",\"potentialAction\":[{\"@type\":\"SearchAction\",\"target\":{\"@type\":\"EntryPoint\",\"urlTemplate\":\"https:\\\/\\\/hermandadmedinaceli.es\\\/?s={search_term_string}\"},\"query-input\":{\"@type\":\"PropertyValueSpecification\",\"valueRequired\":true,\"valueName\":\"search_term_string\"}}],\"inLanguage\":\"es\"}]}<\/script>\n<!-- \/ Yoast SEO plugin. -->","yoast_head_json":{"title":"H\u00e1bito - Hermandad Medinaceli - La L&iacute;nea de la Concepci&oacute;n","robots":{"index":"index","follow":"follow","max-snippet":"max-snippet:-1","max-image-preview":"max-image-preview:large","max-video-preview":"max-video-preview:-1"},"canonical":"https:\/\/hermandadmedinaceli.es\/index.php\/habito\/","og_locale":"es_ES","og_type":"article","og_title":"H\u00e1bito - Hermandad Medinaceli - La L&iacute;nea de la Concepci&oacute;n","og_description":"H\u00e1bito Nazareno","og_url":"https:\/\/hermandadmedinaceli.es\/index.php\/habito\/","og_site_name":"Hermandad Medinaceli - La L&iacute;nea de la Concepci&oacute;n","article_modified_time":"2025-02-12T23:27:56+00:00","og_image":[{"url":"https:\/\/hermandadmedinaceli.es\/wp-content\/uploads\/2021\/08\/326_habito-68x150-1-1.png","type":"","width":"","height":""}],"twitter_card":"summary_large_image","twitter_misc":{"Tiempo de lectura":"2 minutos"},"schema":{"@context":"https:\/\/schema.org","@graph":[{"@type":"WebPage","@id":"https:\/\/hermandadmedinaceli.es\/index.php\/habito\/","url":"https:\/\/hermandadmedinaceli.es\/index.php\/habito\/","name":"H\u00e1bito - Hermandad Medinaceli - La L&iacute;nea de la Concepci&oacute;n","isPartOf":{"@id":"https:\/\/hermandadmedinaceli.es\/#website"},"primaryImageOfPage":{"@id":"https:\/\/hermandadmedinaceli.es\/index.php\/habito\/#primaryimage"},"image":{"@id":"https:\/\/hermandadmedinaceli.es\/index.php\/habito\/#primaryimage"},"thumbnailUrl":"https:\/\/hermandadmedinaceli.es\/wp-content\/uploads\/2021\/08\/326_habito-68x150-1-1.png","datePublished":"2021-07-29T15:33:45+00:00","dateModified":"2025-02-12T23:27:56+00:00","breadcrumb":{"@id":"https:\/\/hermandadmedinaceli.es\/index.php\/habito\/#breadcrumb"},"inLanguage":"es","potentialAction":[{"@type":"ReadAction","target":["https:\/\/hermandadmedinaceli.es\/index.php\/habito\/"]}]},{"@type":"ImageObject","inLanguage":"es","@id":"https:\/\/hermandadmedinaceli.es\/index.php\/habito\/#primaryimage","url":"https:\/\/hermandadmedinaceli.es\/wp-content\/uploads\/2021\/08\/326_habito-68x150-1-1.png","contentUrl":"https:\/\/hermandadmedinaceli.es\/wp-content\/uploads\/2021\/08\/326_habito-68x150-1-1.png","width":68,"height":150},{"@type":"BreadcrumbList","@id":"https:\/\/hermandadmedinaceli.es\/index.php\/habito\/#breadcrumb","itemListElement":[{"@type":"ListItem","position":1,"name":"Portada","item":"https:\/\/hermandadmedinaceli.es\/"},{"@type":"ListItem","position":2,"name":"H\u00e1bito"}]},{"@type":"WebSite","@id":"https:\/\/hermandadmedinaceli.es\/#website","url":"https:\/\/hermandadmedinaceli.es\/","name":"Hermandad Medinaceli - La L&iacute;nea de la Concepci&oacute;n","description":"","potentialAction":[{"@type":"SearchAction","target":{"@type":"EntryPoint","urlTemplate":"https:\/\/hermandadmedinaceli.es\/?s={search_term_string}"},"query-input":{"@type":"PropertyValueSpecification","valueRequired":true,"valueName":"search_term_string"}}],"inLanguage":"es"}]}},"_links":{"self":[{"href":"https:\/\/hermandadmedinaceli.es\/index.php\/wp-json\/wp\/v2\/pages\/630","targetHints":{"allow":["GET"]}}],"collection":[{"href":"https:\/\/hermandadmedinaceli.es\/index.php\/wp-json\/wp\/v2\/pages"}],"about":[{"href":"https:\/\/hermandadmedinaceli.es\/index.php\/wp-json\/wp\/v2\/types\/page"}],"author":[{"embeddable":true,"href":"https:\/\/hermandadmedinaceli.es\/index.php\/wp-json\/wp\/v2\/users\/2"}],"replies":[{"embeddable":true,"href":"https:\/\/hermandadmedinaceli.es\/index.php\/wp-json\/wp\/v2\/comments?post=630"}],"version-history":[{"count":12,"href":"https:\/\/hermandadmedinaceli.es\/index.php\/wp-json\/wp\/v2\/pages\/630\/revisions"}],"predecessor-version":[{"id":1775,"href":"https:\/\/hermandadmedinaceli.es\/index.php\/wp-json\/wp\/v2\/pages\/630\/revisions\/1775"}],"wp:attachment":[{"href":"https:\/\/hermandadmedinaceli.es\/index.php\/wp-json\/wp\/v2\/media?parent=630"}],"curies":[{"name":"wp","href":"https:\/\/api.w.org\/{rel}","templated":true}]}}