{"id":632,"date":"2021-07-29T15:34:04","date_gmt":"2021-07-29T15:34:04","guid":{"rendered":"https:\/\/hermandadmedinaceli.com\/?page_id=632"},"modified":"2025-02-12T17:49:41","modified_gmt":"2025-02-12T17:49:41","slug":"recorrido","status":"publish","type":"page","link":"https:\/\/hermandadmedinaceli.es\/index.php\/recorrido\/","title":{"rendered":"Recorrido"},"content":{"rendered":"\n<h1 class=\"wp-block-heading has-text-color has-link-color wp-elements-6a471834a153ab327afb91a290602b17\" style=\"color:#541f85\">Itinerario de la Estaci\u00f3n de Penitencia<\/h1>\n\n\n\n<p><img loading=\"lazy\" decoding=\"async\" class=\"aligncenter wp-image-1756 size-full\" src=\"https:\/\/hermandadmedinaceli.es\/wp-content\/uploads\/2025\/02\/Diseno-sin-titulo-64.png\" alt=\"\" width=\"1808\" height=\"431\" srcset=\"https:\/\/hermandadmedinaceli.es\/wp-content\/uploads\/2025\/02\/Diseno-sin-titulo-64.png 1808w, https:\/\/hermandadmedinaceli.es\/wp-content\/uploads\/2025\/02\/Diseno-sin-titulo-64-300x72.png 300w, https:\/\/hermandadmedinaceli.es\/wp-content\/uploads\/2025\/02\/Diseno-sin-titulo-64-1024x244.png 1024w, https:\/\/hermandadmedinaceli.es\/wp-content\/uploads\/2025\/02\/Diseno-sin-titulo-64-768x183.png 768w, https:\/\/hermandadmedinaceli.es\/wp-content\/uploads\/2025\/02\/Diseno-sin-titulo-64-1536x366.png 1536w\" sizes=\"auto, (max-width: 1808px) 100vw, 1808px\" \/><\/p>\n<p>El itinerario de la Venerable Hermandad de Penitencia y Cofrad\u00eda de Nazarenos de Nuestro Padre Jes\u00fas Cautivo y Rescatado y Mar\u00eda Sant\u00edsima de la Trinidad (Medinaceli) transcurre por las siguientes calles:<br \/>Jardines, Santiago, Antonio \u00abEl Chaqueta\u00bb, Las Palomas, Pasaje Gonz\u00e1lez Hontoria, Gonz\u00e1lez Hontoria, Jardines, Clavel, CARRERA OFICIAL, Duque de Tetu\u00e1n, L\u00f3pez de Ayala, Sol, Clavel, Jardines y a su templo<\/p>\n<p><strong>Salida:<\/strong> 19:45<br \/><strong>Carrera Oficial:<\/strong> 22:05<br \/><strong>Recogida:<\/strong> 01:45<\/p>\n<p><strong>Puntos de Inter\u00e9s:<\/strong><\/p>\n<ul>\n<li>Salida de la Parroquia de Santiago Ap\u00f3stol<\/li>\n<li>Comisar\u00eda del Cuerpo Nacional de Polic\u00eda (Calle Jardines)<\/li>\n<li>Carrera Oficial (Calle Real y Plaza de la Iglesia)<\/li>\n<li>Recogida en la Parroquia de Santiago Ap\u00f3stol<\/li>\n<\/ul>\n<!-- AddThis Advanced Settings generic via filter on the_content --><!-- AddThis Share Buttons generic via filter on the_content -->","protected":false},"excerpt":{"rendered":"<p>Itinerario de la Estaci\u00f3n de Penitencia El itinerario de la Venerable Hermandad de Penitencia y Cofrad\u00eda de Nazarenos de Nuestro<!-- AddThis Advanced Settings generic via filter on get_the_excerpt --><!-- AddThis Share Buttons generic via filter on get_the_excerpt --><\/p>\n","protected":false},"author":2,"featured_media":0,"parent":0,"menu_order":0,"comment_status":"closed","ping_status":"closed","template":"","meta":{"colormag_page_container_layout":"default_layout","colormag_page_sidebar_layout":"default_layout","_monsterinsights_skip_tracking":false,"_monsterinsights_sitenote_active":false,"_monsterinsights_sitenote_note":"","_monsterinsights_sitenote_category":0,"_mc_calendar":[],"footnotes":""},"class_list":["post-632","page","type-page","status-publish","hentry"],"yoast_head":"<!-- This site is optimized with the Yoast SEO plugin v27.4 - https:\/\/yoast.com\/product\/yoast-seo-wordpress\/ -->\n<title>Recorrido - Hermandad Medinaceli - La L&iacute;nea de la Concepci&oacute;n<\/title>\n<meta name=\"robots\" content=\"index, follow, max-snippet:-1, max-image-preview:large, max-video-preview:-1\" \/>\n<link rel=\"canonical\" href=\"https:\/\/hermandadmedinaceli.es\/index.php\/recorrido\/\" \/>\n<meta property=\"og:locale\" content=\"es_ES\" \/>\n<meta property=\"og:type\" content=\"article\" \/>\n<meta property=\"og:title\" content=\"Recorrido - Hermandad Medinaceli - La L&iacute;nea de la Concepci&oacute;n\" \/>\n<meta property=\"og:description\" content=\"Itinerario de la Estaci\u00f3n de Penitencia El itinerario de la Venerable Hermandad de Penitencia y Cofrad\u00eda de Nazarenos de Nuestro\" \/>\n<meta property=\"og:url\" content=\"https:\/\/hermandadmedinaceli.es\/index.php\/recorrido\/\" \/>\n<meta property=\"og:site_name\" content=\"Hermandad Medinaceli - La L&iacute;nea de la Concepci&oacute;n\" \/>\n<meta property=\"article:modified_time\" content=\"2025-02-12T17:49:41+00:00\" \/>\n<meta property=\"og:image\" content=\"https:\/\/hermandadmedinaceli.es\/wp-content\/uploads\/2025\/02\/Diseno-sin-titulo-64.png\" \/>\n<meta name=\"twitter:card\" content=\"summary_large_image\" \/>\n<meta name=\"twitter:label1\" content=\"Tiempo de lectura\" \/>\n\t<meta name=\"twitter:data1\" content=\"1 minuto\" \/>\n<script type=\"application\/ld+json\" class=\"yoast-schema-graph\">{\"@context\":\"https:\\\/\\\/schema.org\",\"@graph\":[{\"@type\":\"WebPage\",\"@id\":\"https:\\\/\\\/hermandadmedinaceli.es\\\/index.php\\\/recorrido\\\/\",\"url\":\"https:\\\/\\\/hermandadmedinaceli.es\\\/index.php\\\/recorrido\\\/\",\"name\":\"Recorrido - Hermandad Medinaceli - La L&iacute;nea de la Concepci&oacute;n\",\"isPartOf\":{\"@id\":\"https:\\\/\\\/hermandadmedinaceli.es\\\/#website\"},\"primaryImageOfPage\":{\"@id\":\"https:\\\/\\\/hermandadmedinaceli.es\\\/index.php\\\/recorrido\\\/#primaryimage\"},\"image\":{\"@id\":\"https:\\\/\\\/hermandadmedinaceli.es\\\/index.php\\\/recorrido\\\/#primaryimage\"},\"thumbnailUrl\":\"https:\\\/\\\/hermandadmedinaceli.es\\\/wp-content\\\/uploads\\\/2025\\\/02\\\/Diseno-sin-titulo-64.png\",\"datePublished\":\"2021-07-29T15:34:04+00:00\",\"dateModified\":\"2025-02-12T17:49:41+00:00\",\"breadcrumb\":{\"@id\":\"https:\\\/\\\/hermandadmedinaceli.es\\\/index.php\\\/recorrido\\\/#breadcrumb\"},\"inLanguage\":\"es\",\"potentialAction\":[{\"@type\":\"ReadAction\",\"target\":[\"https:\\\/\\\/hermandadmedinaceli.es\\\/index.php\\\/recorrido\\\/\"]}]},{\"@type\":\"ImageObject\",\"inLanguage\":\"es\",\"@id\":\"https:\\\/\\\/hermandadmedinaceli.es\\\/index.php\\\/recorrido\\\/#primaryimage\",\"url\":\"https:\\\/\\\/hermandadmedinaceli.es\\\/wp-content\\\/uploads\\\/2025\\\/02\\\/Diseno-sin-titulo-64.png\",\"contentUrl\":\"https:\\\/\\\/hermandadmedinaceli.es\\\/wp-content\\\/uploads\\\/2025\\\/02\\\/Diseno-sin-titulo-64.png\",\"width\":1808,\"height\":431},{\"@type\":\"BreadcrumbList\",\"@id\":\"https:\\\/\\\/hermandadmedinaceli.es\\\/index.php\\\/recorrido\\\/#breadcrumb\",\"itemListElement\":[{\"@type\":\"ListItem\",\"position\":1,\"name\":\"Portada\",\"item\":\"https:\\\/\\\/hermandadmedinaceli.es\\\/\"},{\"@type\":\"ListItem\",\"position\":2,\"name\":\"Recorrido\"}]},{\"@type\":\"WebSite\",\"@id\":\"https:\\\/\\\/hermandadmedinaceli.es\\\/#website\",\"url\":\"https:\\\/\\\/hermandadmedinaceli.es\\\/\",\"name\":\"Hermandad Medinaceli - La L&iacute;nea de la Concepci&oacute;n\",\"description\":\"\",\"potentialAction\":[{\"@type\":\"SearchAction\",\"target\":{\"@type\":\"EntryPoint\",\"urlTemplate\":\"https:\\\/\\\/hermandadmedinaceli.es\\\/?s={search_term_string}\"},\"query-input\":{\"@type\":\"PropertyValueSpecification\",\"valueRequired\":true,\"valueName\":\"search_term_string\"}}],\"inLanguage\":\"es\"}]}<\/script>\n<!-- \/ Yoast SEO plugin. -->","yoast_head_json":{"title":"Recorrido - Hermandad Medinaceli - La L&iacute;nea de la Concepci&oacute;n","robots":{"index":"index","follow":"follow","max-snippet":"max-snippet:-1","max-image-preview":"max-image-preview:large","max-video-preview":"max-video-preview:-1"},"canonical":"https:\/\/hermandadmedinaceli.es\/index.php\/recorrido\/","og_locale":"es_ES","og_type":"article","og_title":"Recorrido - Hermandad Medinaceli - La L&iacute;nea de la Concepci&oacute;n","og_description":"Itinerario de la Estaci\u00f3n de Penitencia El itinerario de la Venerable Hermandad de Penitencia y Cofrad\u00eda de Nazarenos de Nuestro","og_url":"https:\/\/hermandadmedinaceli.es\/index.php\/recorrido\/","og_site_name":"Hermandad Medinaceli - La L&iacute;nea de la Concepci&oacute;n","article_modified_time":"2025-02-12T17:49:41+00:00","og_image":[{"url":"https:\/\/hermandadmedinaceli.es\/wp-content\/uploads\/2025\/02\/Diseno-sin-titulo-64.png","type":"","width":"","height":""}],"twitter_card":"summary_large_image","twitter_misc":{"Tiempo de lectura":"1 minuto"},"schema":{"@context":"https:\/\/schema.org","@graph":[{"@type":"WebPage","@id":"https:\/\/hermandadmedinaceli.es\/index.php\/recorrido\/","url":"https:\/\/hermandadmedinaceli.es\/index.php\/recorrido\/","name":"Recorrido - Hermandad Medinaceli - La L&iacute;nea de la Concepci&oacute;n","isPartOf":{"@id":"https:\/\/hermandadmedinaceli.es\/#website"},"primaryImageOfPage":{"@id":"https:\/\/hermandadmedinaceli.es\/index.php\/recorrido\/#primaryimage"},"image":{"@id":"https:\/\/hermandadmedinaceli.es\/index.php\/recorrido\/#primaryimage"},"thumbnailUrl":"https:\/\/hermandadmedinaceli.es\/wp-content\/uploads\/2025\/02\/Diseno-sin-titulo-64.png","datePublished":"2021-07-29T15:34:04+00:00","dateModified":"2025-02-12T17:49:41+00:00","breadcrumb":{"@id":"https:\/\/hermandadmedinaceli.es\/index.php\/recorrido\/#breadcrumb"},"inLanguage":"es","potentialAction":[{"@type":"ReadAction","target":["https:\/\/hermandadmedinaceli.es\/index.php\/recorrido\/"]}]},{"@type":"ImageObject","inLanguage":"es","@id":"https:\/\/hermandadmedinaceli.es\/index.php\/recorrido\/#primaryimage","url":"https:\/\/hermandadmedinaceli.es\/wp-content\/uploads\/2025\/02\/Diseno-sin-titulo-64.png","contentUrl":"https:\/\/hermandadmedinaceli.es\/wp-content\/uploads\/2025\/02\/Diseno-sin-titulo-64.png","width":1808,"height":431},{"@type":"BreadcrumbList","@id":"https:\/\/hermandadmedinaceli.es\/index.php\/recorrido\/#breadcrumb","itemListElement":[{"@type":"ListItem","position":1,"name":"Portada","item":"https:\/\/hermandadmedinaceli.es\/"},{"@type":"ListItem","position":2,"name":"Recorrido"}]},{"@type":"WebSite","@id":"https:\/\/hermandadmedinaceli.es\/#website","url":"https:\/\/hermandadmedinaceli.es\/","name":"Hermandad Medinaceli - La L&iacute;nea de la Concepci&oacute;n","description":"","potentialAction":[{"@type":"SearchAction","target":{"@type":"EntryPoint","urlTemplate":"https:\/\/hermandadmedinaceli.es\/?s={search_term_string}"},"query-input":{"@type":"PropertyValueSpecification","valueRequired":true,"valueName":"search_term_string"}}],"inLanguage":"es"}]}},"_links":{"self":[{"href":"https:\/\/hermandadmedinaceli.es\/index.php\/wp-json\/wp\/v2\/pages\/632","targetHints":{"allow":["GET"]}}],"collection":[{"href":"https:\/\/hermandadmedinaceli.es\/index.php\/wp-json\/wp\/v2\/pages"}],"about":[{"href":"https:\/\/hermandadmedinaceli.es\/index.php\/wp-json\/wp\/v2\/types\/page"}],"author":[{"embeddable":true,"href":"https:\/\/hermandadmedinaceli.es\/index.php\/wp-json\/wp\/v2\/users\/2"}],"replies":[{"embeddable":true,"href":"https:\/\/hermandadmedinaceli.es\/index.php\/wp-json\/wp\/v2\/comments?post=632"}],"version-history":[{"count":5,"href":"https:\/\/hermandadmedinaceli.es\/index.php\/wp-json\/wp\/v2\/pages\/632\/revisions"}],"predecessor-version":[{"id":1760,"href":"https:\/\/hermandadmedinaceli.es\/index.php\/wp-json\/wp\/v2\/pages\/632\/revisions\/1760"}],"wp:attachment":[{"href":"https:\/\/hermandadmedinaceli.es\/index.php\/wp-json\/wp\/v2\/media?parent=632"}],"curies":[{"name":"wp","href":"https:\/\/api.w.org\/{rel}","templated":true}]}}