{"id":692,"date":"2021-08-01T13:56:22","date_gmt":"2021-08-01T13:56:22","guid":{"rendered":"https:\/\/hermandadmedinaceli.com\/?page_id=692"},"modified":"2025-04-07T14:41:43","modified_gmt":"2025-04-07T14:41:43","slug":"horarios","status":"publish","type":"page","link":"https:\/\/hermandadmedinaceli.es\/index.php\/horarios\/","title":{"rendered":"Horarios"},"content":{"rendered":"\n<h1 class=\"wp-block-heading has-text-color has-link-color wp-elements-4680f3d9c80295c240132e55cb903dfb\" style=\"color:#4e346d\">Horarios<\/h1>\n\n\n\n<h2 class=\"wp-block-heading has-text-align-center has-white-color has-text-color has-background\" style=\"background-color:#5c1389;font-size:18px\"><strong>Parroquia de Santiago Ap\u00f3stol<\/strong><\/h2>\n\n\n\n<p class=\"has-black-color has-text-color has-link-color has-medium-font-size wp-elements-26734c622072bb8d18c80093e51d4f9a\"><strong>Horario de Verano<\/strong><\/p>\n\n\n\n<figure class=\"wp-block-table\"><table class=\"has-black-color has-white-background-color has-text-color has-background has-fixed-layout\"><tbody><tr><td class=\"has-text-align-center\" data-align=\"center\"><strong><span style=\"color:#802cbc\" class=\"tadv-color\">D\u00eda<\/span><\/strong><\/td><td class=\"has-text-align-center\" data-align=\"center\"><strong><span style=\"color:#802cbc\" class=\"tadv-color\">Horario<\/span><\/strong><\/td><\/tr><tr><td class=\"has-text-align-center\" data-align=\"center\">D\u00eda laboral<\/td><td class=\"has-text-align-center\" data-align=\"center\">20:00h (martes a viernes)<\/td><\/tr><tr><td class=\"has-text-align-center\" data-align=\"center\">V\u00edsperas de Festivo<\/td><td class=\"has-text-align-center\" data-align=\"center\">20:00h<\/td><\/tr><tr><td class=\"has-text-align-center\" data-align=\"center\">Domingos y Festivos<\/td><td class=\"has-text-align-center\" data-align=\"center\">11:00h<\/td><\/tr><\/tbody><\/table><\/figure>\n\n\n\n<p class=\"has-black-color has-text-color has-medium-font-size\"><strong>Horario de Invierno<\/strong><\/p>\n\n\n\n<figure class=\"wp-block-table\"><table class=\"has-black-color has-text-color has-fixed-layout\"><tbody><tr><td class=\"has-text-align-center\" data-align=\"center\"><strong><span style=\"background-color:#ffffff\" class=\"tadv-background-color\"><span style=\"color:#802cbc\" class=\"tadv-color\">D\u00eda<\/span><\/span><\/strong><\/td><td class=\"has-text-align-center\" data-align=\"center\"><strong><span style=\"color:#802cbc\" class=\"tadv-color\">Horario<\/span><\/strong><\/td><\/tr><tr><td class=\"has-text-align-center\" data-align=\"center\">D\u00eda laboral<\/td><td class=\"has-text-align-center\" data-align=\"center\">19:00h (martes a viernes)<\/td><\/tr><tr><td class=\"has-text-align-center\" data-align=\"center\">V\u00edsperas de Festivo<\/td><td class=\"has-text-align-center\" data-align=\"center\">19:00h<\/td><\/tr><tr><td class=\"has-text-align-center\" data-align=\"center\">Domingos y Festivos<\/td><td class=\"has-text-align-center\" data-align=\"center\"><span style=\"color:#000000\" class=\"tadv-color\"><span style=\"background-color:#ffffff\" class=\"tadv-background-color\">11:00h<\/span><\/span><\/td><\/tr><\/tbody><\/table><\/figure>\n\n\n\n<p class=\"has-black-color has-text-color has-link-color has-medium-font-size wp-elements-6661d428d3d1ec21ea466ad82c99c4f7\"><strong>Horarios de Semana Santa<\/strong><\/p>\n\n\n\n<p><strong>13 de Abril, Domingo de Ramos:<\/strong><\/p>\n<ul>\n<li>11:00 h. Bendici\u00f3n de Ramos y Santa Misa de la Pasi\u00f3n del Se\u00f1or.<\/li>\n<li>17:00 h. Estaci\u00f3n de Penitencia Entrada Triunfal en Jerusal\u00e9n<\/li>\n<li>17:15 h. Estaci\u00f3n de Penitencia de Flagelaci\u00f3n y Estrella<\/li>\n<\/ul>\n<p><strong>15 de Abril, Martes Santo:<\/strong><\/p>\n<ul>\n<li>19:00 h. Estaci\u00f3n de Penitencia de Penas y Dolores<\/li>\n<\/ul>\n<p><strong>16 de Abril, Mi\u00e9rcoles Santo:<\/strong><\/p>\n<ul>\n<li>11:30 h. Oraci\u00f3n a Nuestro Padre Jes\u00fas Cautivo y Rescatado, Acto de Subida del Santo \u00c1ngel Custodio al paso de Palio de Mar\u00eda Stma. de la Trinidad e imposici\u00f3n de Medallas a los Hermanos que lo soliciten.<\/li>\n<li>12:00 h. Rezo del \u00c1ngelus ante Mar\u00eda Sant\u00edsima de la Trinidad<\/li>\n<li>19:45 h. Estaci\u00f3n de Penitencia de la Hermandad de Medinaceli<\/li>\n<\/ul>\n<p><strong>17 de Abril, Jueves Santo:<\/strong><\/p>\n<ul>\n<li>18:15 h. Santa Misa de la Cena del Se\u00f1or<\/li>\n<li>20:00 h. Hora Santa (La Iglesia permanecer\u00e1 abierta hasta las 22:30 h.)<\/li>\n<\/ul>\n<p><strong>18 de Abril, Viernes Santo:<\/strong><\/p>\n<ul>\n<li>11:30 h. Ejercicio del Viacrucis<\/li>\n<li>13:00 h. Santos oficios en la Pasi\u00f3n del Se\u00f1or<\/li>\n<\/ul>\n<p><strong>19 de Abril, S\u00e1bado Santo:<\/strong><\/p>\n<ul>\n<li>11:30 h. Oraci\u00f3n ante el Sepulcro<\/li>\n<li>22:00 h. Solemne Vigilia Pascual de Resurrecci\u00f3n<\/li>\n<\/ul>\n<p><strong>20 de Abril, Domingo de Pascua:<\/strong><\/p>\n<ul>\n<li>12:00 h. Solemne Misa de Pascua<\/li>\n<\/ul>\n<p>\u00a0<\/p>\n\n\n\n<h2 class=\"wp-block-heading has-text-align-center has-white-color has-text-color has-background\" style=\"background-color:#5c1389;font-size:18px\"><strong>Secretar\u00eda de la Hermandad<\/strong><\/h2>\n\n\n\n<div style=\"height:39px\" aria-hidden=\"true\" class=\"wp-block-spacer\"><\/div>\n\n\n<ul class=\"wp-block-latest-posts__list has-dates wp-block-latest-posts\"><li><div class=\"wp-block-latest-posts__featured-image alignleft\"><img loading=\"lazy\" decoding=\"async\" width=\"150\" height=\"150\" src=\"https:\/\/hermandadmedinaceli.es\/wp-content\/uploads\/2025\/02\/Anadir-un-titulo-3-150x150.png\" class=\"attachment-thumbnail size-thumbnail wp-post-image\" alt=\"\" style=\"\" \/><\/div><a class=\"wp-block-latest-posts__post-title\" href=\"https:\/\/hermandadmedinaceli.es\/index.php\/2025\/02\/24\/horarios-de-secretaria-marzo-y-abril\/\">Horarios de Secretar\u00eda (Marzo y Abril)<\/a><time datetime=\"2025-02-24T16:41:50+00:00\" class=\"wp-block-latest-posts__post-date\">febrero 24, 2025<\/time><div class=\"wp-block-latest-posts__post-excerpt\">Queremos poner en conocimiento de los Hermanos que durante los d\u00edas 11, 13, 18, 20, 25, 27 y 31 de marzo y 1, 2, 3, 4, 5, 6, 7, 8, 9, 10 y 11 de abril en horario de 19:00 h. a 21:00 h. y el d\u00eda 5 de abril en horario de 11:00 h. a 12:30 h., permanecer\u00e1 abierta la secretar\u00eda de la Hermandad (C\/ Estrella) para la recogida de la Papeleta de Sitio, necesaria para realizar la Estaci\u00f3n de Penitencia del pr\u00f3ximo Mi\u00e9rcoles Santo. El precio de la papeleta de sitio se mantiene en 10\u20ac.<!-- AddThis Advanced Settings generic via filter on get_the_excerpt --><!-- AddThis Share Buttons generic via filter on get_the_excerpt --><\/div><\/li>\n<li><div class=\"wp-block-latest-posts__featured-image alignleft\"><img loading=\"lazy\" decoding=\"async\" width=\"150\" height=\"150\" src=\"https:\/\/hermandadmedinaceli.es\/wp-content\/uploads\/2025\/02\/FB_IMG_1739369980963-150x150.jpg\" class=\"attachment-thumbnail size-thumbnail wp-post-image\" alt=\"\" style=\"\" \/><\/div><a class=\"wp-block-latest-posts__post-title\" href=\"https:\/\/hermandadmedinaceli.es\/index.php\/2025\/01\/29\/habito-nazareno\/\">H\u00e1bito Nazareno<\/a><time datetime=\"2025-01-29T14:15:00+00:00\" class=\"wp-block-latest-posts__post-date\">enero 29, 2025<\/time><div class=\"wp-block-latest-posts__post-excerpt\">Queremos recordar a todos nuestros Hermanos, que seguimos con el cambio de tela de nuestro h\u00e1bito de nazareno, pasando de tela de raso blanco a SARGA blanca, dicho cambio de indumentaria ser\u00e1 progresivo, por lo que los Hermanos, que tengan su h\u00e1bito de tela de raso blanco, podr\u00e1n seguir utiliz\u00e1ndolo, hasta confeccionarlo con la nueva tela durante un plazo de 4 a\u00f1os. Para ayudar ha afrontar dicho cambio, la Hermandad dispone de la nueva tela (sarga blanca) a un precio econ\u00f3mico, que podr\u00e1 ser adquirido en la Secretar\u00eda de la Hermandad (C\/Estrella) durante los Jueves de este mes, de 7<!-- AddThis Advanced Settings generic via filter on get_the_excerpt --><!-- AddThis Share Buttons generic via filter on get_the_excerpt --><\/div><\/li>\n<li><div class=\"wp-block-latest-posts__featured-image alignleft\"><img loading=\"lazy\" decoding=\"async\" width=\"150\" height=\"150\" src=\"https:\/\/hermandadmedinaceli.es\/wp-content\/uploads\/2025\/02\/Anadir-un-titulo_20250212_153720_0000-150x150.png\" class=\"attachment-thumbnail size-thumbnail wp-post-image\" alt=\"\" style=\"\" \/><\/div><a class=\"wp-block-latest-posts__post-title\" href=\"https:\/\/hermandadmedinaceli.es\/index.php\/2025\/01\/01\/horarios-de-secretaria-enero\/\">Horarios de Secretar\u00eda (Enero)<\/a><time datetime=\"2025-01-01T14:31:20+00:00\" class=\"wp-block-latest-posts__post-date\">enero 1, 2025<\/time><div class=\"wp-block-latest-posts__post-excerpt\">Les informamos que la Secretar\u00eda de la Hermandad, situada en Calle La Estrella, permanecer\u00e1 abierta este mes de enero, todos los JUEVES en horario de 19:00 horas a 21:00 horas. En los d\u00edas de apertura podr\u00e1n ser atendidos en cuantas gestiones de secretar\u00eda y tesorer\u00eda precisen (actualizaci\u00f3n de datos, consultas, pago de cuotas, admisi\u00f3n de nuevos hermanos, etc.) .<!-- AddThis Advanced Settings generic via filter on get_the_excerpt --><!-- AddThis Share Buttons generic via filter on get_the_excerpt --><\/div><\/li>\n<\/ul>","protected":false},"excerpt":{"rendered":"<p>Horarios Parroquia de Santiago Ap\u00f3stol Horario de Verano D\u00eda Horario D\u00eda laboral 20:00h (martes a viernes) V\u00edsperas de Festivo 20:00h<!-- AddThis Advanced Settings generic via filter on get_the_excerpt --><!-- AddThis Share Buttons generic via filter on get_the_excerpt --><\/p>\n","protected":false},"author":2,"featured_media":0,"parent":0,"menu_order":0,"comment_status":"closed","ping_status":"closed","template":"","meta":{"colormag_page_container_layout":"default_layout","colormag_page_sidebar_layout":"default_layout","_monsterinsights_skip_tracking":false,"_monsterinsights_sitenote_active":false,"_monsterinsights_sitenote_note":"","_monsterinsights_sitenote_category":0,"_mc_calendar":[],"footnotes":""},"class_list":["post-692","page","type-page","status-publish","hentry"],"yoast_head":"<!-- This site is optimized with the Yoast SEO plugin v27.4 - https:\/\/yoast.com\/product\/yoast-seo-wordpress\/ -->\n<title>Horarios - Hermandad Medinaceli - La L&iacute;nea de la Concepci&oacute;n<\/title>\n<meta name=\"robots\" content=\"index, follow, max-snippet:-1, max-image-preview:large, max-video-preview:-1\" \/>\n<link rel=\"canonical\" href=\"https:\/\/hermandadmedinaceli.es\/index.php\/horarios\/\" \/>\n<meta property=\"og:locale\" content=\"es_ES\" \/>\n<meta property=\"og:type\" content=\"article\" \/>\n<meta property=\"og:title\" content=\"Horarios - Hermandad Medinaceli - La L&iacute;nea de la Concepci&oacute;n\" \/>\n<meta property=\"og:description\" content=\"Horarios Parroquia de Santiago Ap\u00f3stol Horario de Verano D\u00eda Horario D\u00eda laboral 20:00h (martes a viernes) V\u00edsperas de Festivo 20:00h\" \/>\n<meta property=\"og:url\" content=\"https:\/\/hermandadmedinaceli.es\/index.php\/horarios\/\" \/>\n<meta property=\"og:site_name\" content=\"Hermandad Medinaceli - La L&iacute;nea de la Concepci&oacute;n\" \/>\n<meta property=\"article:modified_time\" content=\"2025-04-07T14:41:43+00:00\" \/>\n<meta name=\"twitter:card\" content=\"summary_large_image\" \/>\n<meta name=\"twitter:label1\" content=\"Tiempo de lectura\" \/>\n\t<meta name=\"twitter:data1\" content=\"2 minutos\" \/>\n<script type=\"application\/ld+json\" class=\"yoast-schema-graph\">{\"@context\":\"https:\\\/\\\/schema.org\",\"@graph\":[{\"@type\":\"WebPage\",\"@id\":\"https:\\\/\\\/hermandadmedinaceli.es\\\/index.php\\\/horarios\\\/\",\"url\":\"https:\\\/\\\/hermandadmedinaceli.es\\\/index.php\\\/horarios\\\/\",\"name\":\"Horarios - Hermandad Medinaceli - La L&iacute;nea de la Concepci&oacute;n\",\"isPartOf\":{\"@id\":\"https:\\\/\\\/hermandadmedinaceli.es\\\/#website\"},\"datePublished\":\"2021-08-01T13:56:22+00:00\",\"dateModified\":\"2025-04-07T14:41:43+00:00\",\"breadcrumb\":{\"@id\":\"https:\\\/\\\/hermandadmedinaceli.es\\\/index.php\\\/horarios\\\/#breadcrumb\"},\"inLanguage\":\"es\",\"potentialAction\":[{\"@type\":\"ReadAction\",\"target\":[\"https:\\\/\\\/hermandadmedinaceli.es\\\/index.php\\\/horarios\\\/\"]}]},{\"@type\":\"BreadcrumbList\",\"@id\":\"https:\\\/\\\/hermandadmedinaceli.es\\\/index.php\\\/horarios\\\/#breadcrumb\",\"itemListElement\":[{\"@type\":\"ListItem\",\"position\":1,\"name\":\"Portada\",\"item\":\"https:\\\/\\\/hermandadmedinaceli.es\\\/\"},{\"@type\":\"ListItem\",\"position\":2,\"name\":\"Horarios\"}]},{\"@type\":\"WebSite\",\"@id\":\"https:\\\/\\\/hermandadmedinaceli.es\\\/#website\",\"url\":\"https:\\\/\\\/hermandadmedinaceli.es\\\/\",\"name\":\"Hermandad Medinaceli - La L&iacute;nea de la Concepci&oacute;n\",\"description\":\"\",\"potentialAction\":[{\"@type\":\"SearchAction\",\"target\":{\"@type\":\"EntryPoint\",\"urlTemplate\":\"https:\\\/\\\/hermandadmedinaceli.es\\\/?s={search_term_string}\"},\"query-input\":{\"@type\":\"PropertyValueSpecification\",\"valueRequired\":true,\"valueName\":\"search_term_string\"}}],\"inLanguage\":\"es\"}]}<\/script>\n<!-- \/ Yoast SEO plugin. -->","yoast_head_json":{"title":"Horarios - Hermandad Medinaceli - La L&iacute;nea de la Concepci&oacute;n","robots":{"index":"index","follow":"follow","max-snippet":"max-snippet:-1","max-image-preview":"max-image-preview:large","max-video-preview":"max-video-preview:-1"},"canonical":"https:\/\/hermandadmedinaceli.es\/index.php\/horarios\/","og_locale":"es_ES","og_type":"article","og_title":"Horarios - Hermandad Medinaceli - La L&iacute;nea de la Concepci&oacute;n","og_description":"Horarios Parroquia de Santiago Ap\u00f3stol Horario de Verano D\u00eda Horario D\u00eda laboral 20:00h (martes a viernes) V\u00edsperas de Festivo 20:00h","og_url":"https:\/\/hermandadmedinaceli.es\/index.php\/horarios\/","og_site_name":"Hermandad Medinaceli - La L&iacute;nea de la Concepci&oacute;n","article_modified_time":"2025-04-07T14:41:43+00:00","twitter_card":"summary_large_image","twitter_misc":{"Tiempo de lectura":"2 minutos"},"schema":{"@context":"https:\/\/schema.org","@graph":[{"@type":"WebPage","@id":"https:\/\/hermandadmedinaceli.es\/index.php\/horarios\/","url":"https:\/\/hermandadmedinaceli.es\/index.php\/horarios\/","name":"Horarios - Hermandad Medinaceli - La L&iacute;nea de la Concepci&oacute;n","isPartOf":{"@id":"https:\/\/hermandadmedinaceli.es\/#website"},"datePublished":"2021-08-01T13:56:22+00:00","dateModified":"2025-04-07T14:41:43+00:00","breadcrumb":{"@id":"https:\/\/hermandadmedinaceli.es\/index.php\/horarios\/#breadcrumb"},"inLanguage":"es","potentialAction":[{"@type":"ReadAction","target":["https:\/\/hermandadmedinaceli.es\/index.php\/horarios\/"]}]},{"@type":"BreadcrumbList","@id":"https:\/\/hermandadmedinaceli.es\/index.php\/horarios\/#breadcrumb","itemListElement":[{"@type":"ListItem","position":1,"name":"Portada","item":"https:\/\/hermandadmedinaceli.es\/"},{"@type":"ListItem","position":2,"name":"Horarios"}]},{"@type":"WebSite","@id":"https:\/\/hermandadmedinaceli.es\/#website","url":"https:\/\/hermandadmedinaceli.es\/","name":"Hermandad Medinaceli - La L&iacute;nea de la Concepci&oacute;n","description":"","potentialAction":[{"@type":"SearchAction","target":{"@type":"EntryPoint","urlTemplate":"https:\/\/hermandadmedinaceli.es\/?s={search_term_string}"},"query-input":{"@type":"PropertyValueSpecification","valueRequired":true,"valueName":"search_term_string"}}],"inLanguage":"es"}]}},"_links":{"self":[{"href":"https:\/\/hermandadmedinaceli.es\/index.php\/wp-json\/wp\/v2\/pages\/692","targetHints":{"allow":["GET"]}}],"collection":[{"href":"https:\/\/hermandadmedinaceli.es\/index.php\/wp-json\/wp\/v2\/pages"}],"about":[{"href":"https:\/\/hermandadmedinaceli.es\/index.php\/wp-json\/wp\/v2\/types\/page"}],"author":[{"embeddable":true,"href":"https:\/\/hermandadmedinaceli.es\/index.php\/wp-json\/wp\/v2\/users\/2"}],"replies":[{"embeddable":true,"href":"https:\/\/hermandadmedinaceli.es\/index.php\/wp-json\/wp\/v2\/comments?post=692"}],"version-history":[{"count":21,"href":"https:\/\/hermandadmedinaceli.es\/index.php\/wp-json\/wp\/v2\/pages\/692\/revisions"}],"predecessor-version":[{"id":2128,"href":"https:\/\/hermandadmedinaceli.es\/index.php\/wp-json\/wp\/v2\/pages\/692\/revisions\/2128"}],"wp:attachment":[{"href":"https:\/\/hermandadmedinaceli.es\/index.php\/wp-json\/wp\/v2\/media?parent=692"}],"curies":[{"name":"wp","href":"https:\/\/api.w.org\/{rel}","templated":true}]}}