{"id":924,"date":"2021-08-18T12:16:27","date_gmt":"2021-08-18T12:16:27","guid":{"rendered":"https:\/\/hermandadmedinaceli.com\/?page_id=924"},"modified":"2021-10-01T12:04:03","modified_gmt":"2021-10-01T12:04:03","slug":"medinaceli-en-whatsapp","status":"publish","type":"page","link":"https:\/\/hermandadmedinaceli.es\/index.php\/medinaceli-en-whatsapp\/","title":{"rendered":"Medinaceli en WhatsApp"},"content":{"rendered":"\n<h1 class=\"has-text-color wp-block-heading\" style=\"color:#861ce9\"><strong>Medinaceli en WhatsApp<\/strong><\/h1>\n\n\n\n<p>La Hermandad,  pone a disposici\u00f3n de los hermanos el n\u00famero de tel\u00e9fono 675615067, mediante el cual ser\u00e1n atendidos por el personal de la corporaci\u00f3n.<\/p>\n\n\n\n<p><\/p>\n\n\n\n<p>Para facilitar la difusi\u00f3n de la informaci\u00f3n entre los hermanos, disponemos a su vez de una lista de difusi\u00f3n en Whatsapp (que no es ni un grupo, ni un chat) para enviar informaci\u00f3n del inter\u00e9s de los miembros de la corporaci\u00f3n.<\/p>\n\n\n\n<p><\/p>\n\n\n\n<p>Para ser agregado a la lista de difusi\u00f3n y recibir los mensajes, tan solo debes seguir 3 sencillos pasos:<\/p>\n\n\n\n<p>1\u00ba. Guarda el n\u00famero de tel\u00e9fono de la Hermandad (675615057) en tu agenda.<\/p>\n\n\n\n<p>2\u00ba Env\u00edanos un whatsapp con tu nombre y apellidos.<\/p>\n\n\n\n<p>3\u00ba Se te enviar\u00e1n, a partir de entonces, todas las noticias y eventos de la Hermandad.<\/p>\n<!-- AddThis Advanced Settings generic via filter on the_content --><!-- AddThis Share Buttons generic via filter on the_content -->","protected":false},"excerpt":{"rendered":"<p>Medinaceli en WhatsApp La Hermandad, pone a disposici\u00f3n de los hermanos el n\u00famero de tel\u00e9fono 675615067, mediante el cual ser\u00e1n<!-- AddThis Advanced Settings generic via filter on get_the_excerpt --><!-- AddThis Share Buttons generic via filter on get_the_excerpt --><\/p>\n","protected":false},"author":2,"featured_media":922,"parent":0,"menu_order":0,"comment_status":"closed","ping_status":"closed","template":"","meta":{"colormag_page_container_layout":"default_layout","colormag_page_sidebar_layout":"default_layout","_monsterinsights_skip_tracking":false,"_monsterinsights_sitenote_active":false,"_monsterinsights_sitenote_note":"","_monsterinsights_sitenote_category":0,"_mc_calendar":[],"footnotes":""},"class_list":["post-924","page","type-page","status-publish","has-post-thumbnail","hentry"],"yoast_head":"<!-- This site is optimized with the Yoast SEO plugin v27.4 - https:\/\/yoast.com\/product\/yoast-seo-wordpress\/ -->\n<title>Medinaceli en WhatsApp - Hermandad Medinaceli - La L&iacute;nea de la Concepci&oacute;n<\/title>\n<meta name=\"robots\" content=\"index, follow, max-snippet:-1, max-image-preview:large, max-video-preview:-1\" \/>\n<link rel=\"canonical\" href=\"https:\/\/hermandadmedinaceli.es\/index.php\/medinaceli-en-whatsapp\/\" \/>\n<meta property=\"og:locale\" content=\"es_ES\" \/>\n<meta property=\"og:type\" content=\"article\" \/>\n<meta property=\"og:title\" content=\"Medinaceli en WhatsApp - Hermandad Medinaceli - La L&iacute;nea de la Concepci&oacute;n\" \/>\n<meta property=\"og:description\" content=\"Medinaceli en WhatsApp La Hermandad, pone a disposici\u00f3n de los hermanos el n\u00famero de tel\u00e9fono 675615067, mediante el cual ser\u00e1n\" \/>\n<meta property=\"og:url\" content=\"https:\/\/hermandadmedinaceli.es\/index.php\/medinaceli-en-whatsapp\/\" \/>\n<meta property=\"og:site_name\" content=\"Hermandad Medinaceli - La L&iacute;nea de la Concepci&oacute;n\" \/>\n<meta property=\"article:modified_time\" content=\"2021-10-01T12:04:03+00:00\" \/>\n<meta property=\"og:image\" content=\"https:\/\/hermandadmedinaceli.es\/wp-content\/uploads\/2021\/08\/Medinaceli-en-Whatsapp-1.png\" \/>\n\t<meta property=\"og:image:width\" content=\"1748\" \/>\n\t<meta property=\"og:image:height\" content=\"1240\" \/>\n\t<meta property=\"og:image:type\" content=\"image\/png\" \/>\n<meta name=\"twitter:card\" content=\"summary_large_image\" \/>\n<meta name=\"twitter:label1\" content=\"Tiempo de lectura\" \/>\n\t<meta name=\"twitter:data1\" content=\"1 minuto\" \/>\n<script type=\"application\/ld+json\" class=\"yoast-schema-graph\">{\"@context\":\"https:\\\/\\\/schema.org\",\"@graph\":[{\"@type\":\"WebPage\",\"@id\":\"https:\\\/\\\/hermandadmedinaceli.es\\\/index.php\\\/medinaceli-en-whatsapp\\\/\",\"url\":\"https:\\\/\\\/hermandadmedinaceli.es\\\/index.php\\\/medinaceli-en-whatsapp\\\/\",\"name\":\"Medinaceli en WhatsApp - Hermandad Medinaceli - La L&iacute;nea de la Concepci&oacute;n\",\"isPartOf\":{\"@id\":\"https:\\\/\\\/hermandadmedinaceli.es\\\/#website\"},\"primaryImageOfPage\":{\"@id\":\"https:\\\/\\\/hermandadmedinaceli.es\\\/index.php\\\/medinaceli-en-whatsapp\\\/#primaryimage\"},\"image\":{\"@id\":\"https:\\\/\\\/hermandadmedinaceli.es\\\/index.php\\\/medinaceli-en-whatsapp\\\/#primaryimage\"},\"thumbnailUrl\":\"https:\\\/\\\/hermandadmedinaceli.es\\\/wp-content\\\/uploads\\\/2021\\\/08\\\/Medinaceli-en-Whatsapp-1.png\",\"datePublished\":\"2021-08-18T12:16:27+00:00\",\"dateModified\":\"2021-10-01T12:04:03+00:00\",\"breadcrumb\":{\"@id\":\"https:\\\/\\\/hermandadmedinaceli.es\\\/index.php\\\/medinaceli-en-whatsapp\\\/#breadcrumb\"},\"inLanguage\":\"es\",\"potentialAction\":[{\"@type\":\"ReadAction\",\"target\":[\"https:\\\/\\\/hermandadmedinaceli.es\\\/index.php\\\/medinaceli-en-whatsapp\\\/\"]}]},{\"@type\":\"ImageObject\",\"inLanguage\":\"es\",\"@id\":\"https:\\\/\\\/hermandadmedinaceli.es\\\/index.php\\\/medinaceli-en-whatsapp\\\/#primaryimage\",\"url\":\"https:\\\/\\\/hermandadmedinaceli.es\\\/wp-content\\\/uploads\\\/2021\\\/08\\\/Medinaceli-en-Whatsapp-1.png\",\"contentUrl\":\"https:\\\/\\\/hermandadmedinaceli.es\\\/wp-content\\\/uploads\\\/2021\\\/08\\\/Medinaceli-en-Whatsapp-1.png\",\"width\":1748,\"height\":1240},{\"@type\":\"BreadcrumbList\",\"@id\":\"https:\\\/\\\/hermandadmedinaceli.es\\\/index.php\\\/medinaceli-en-whatsapp\\\/#breadcrumb\",\"itemListElement\":[{\"@type\":\"ListItem\",\"position\":1,\"name\":\"Portada\",\"item\":\"https:\\\/\\\/hermandadmedinaceli.es\\\/\"},{\"@type\":\"ListItem\",\"position\":2,\"name\":\"Medinaceli en WhatsApp\"}]},{\"@type\":\"WebSite\",\"@id\":\"https:\\\/\\\/hermandadmedinaceli.es\\\/#website\",\"url\":\"https:\\\/\\\/hermandadmedinaceli.es\\\/\",\"name\":\"Hermandad Medinaceli - La L&iacute;nea de la Concepci&oacute;n\",\"description\":\"\",\"potentialAction\":[{\"@type\":\"SearchAction\",\"target\":{\"@type\":\"EntryPoint\",\"urlTemplate\":\"https:\\\/\\\/hermandadmedinaceli.es\\\/?s={search_term_string}\"},\"query-input\":{\"@type\":\"PropertyValueSpecification\",\"valueRequired\":true,\"valueName\":\"search_term_string\"}}],\"inLanguage\":\"es\"}]}<\/script>\n<!-- \/ Yoast SEO plugin. -->","yoast_head_json":{"title":"Medinaceli en WhatsApp - Hermandad Medinaceli - La L&iacute;nea de la Concepci&oacute;n","robots":{"index":"index","follow":"follow","max-snippet":"max-snippet:-1","max-image-preview":"max-image-preview:large","max-video-preview":"max-video-preview:-1"},"canonical":"https:\/\/hermandadmedinaceli.es\/index.php\/medinaceli-en-whatsapp\/","og_locale":"es_ES","og_type":"article","og_title":"Medinaceli en WhatsApp - Hermandad Medinaceli - La L&iacute;nea de la Concepci&oacute;n","og_description":"Medinaceli en WhatsApp La Hermandad, pone a disposici\u00f3n de los hermanos el n\u00famero de tel\u00e9fono 675615067, mediante el cual ser\u00e1n","og_url":"https:\/\/hermandadmedinaceli.es\/index.php\/medinaceli-en-whatsapp\/","og_site_name":"Hermandad Medinaceli - La L&iacute;nea de la Concepci&oacute;n","article_modified_time":"2021-10-01T12:04:03+00:00","og_image":[{"width":1748,"height":1240,"url":"https:\/\/hermandadmedinaceli.es\/wp-content\/uploads\/2021\/08\/Medinaceli-en-Whatsapp-1.png","type":"image\/png"}],"twitter_card":"summary_large_image","twitter_misc":{"Tiempo de lectura":"1 minuto"},"schema":{"@context":"https:\/\/schema.org","@graph":[{"@type":"WebPage","@id":"https:\/\/hermandadmedinaceli.es\/index.php\/medinaceli-en-whatsapp\/","url":"https:\/\/hermandadmedinaceli.es\/index.php\/medinaceli-en-whatsapp\/","name":"Medinaceli en WhatsApp - Hermandad Medinaceli - La L&iacute;nea de la Concepci&oacute;n","isPartOf":{"@id":"https:\/\/hermandadmedinaceli.es\/#website"},"primaryImageOfPage":{"@id":"https:\/\/hermandadmedinaceli.es\/index.php\/medinaceli-en-whatsapp\/#primaryimage"},"image":{"@id":"https:\/\/hermandadmedinaceli.es\/index.php\/medinaceli-en-whatsapp\/#primaryimage"},"thumbnailUrl":"https:\/\/hermandadmedinaceli.es\/wp-content\/uploads\/2021\/08\/Medinaceli-en-Whatsapp-1.png","datePublished":"2021-08-18T12:16:27+00:00","dateModified":"2021-10-01T12:04:03+00:00","breadcrumb":{"@id":"https:\/\/hermandadmedinaceli.es\/index.php\/medinaceli-en-whatsapp\/#breadcrumb"},"inLanguage":"es","potentialAction":[{"@type":"ReadAction","target":["https:\/\/hermandadmedinaceli.es\/index.php\/medinaceli-en-whatsapp\/"]}]},{"@type":"ImageObject","inLanguage":"es","@id":"https:\/\/hermandadmedinaceli.es\/index.php\/medinaceli-en-whatsapp\/#primaryimage","url":"https:\/\/hermandadmedinaceli.es\/wp-content\/uploads\/2021\/08\/Medinaceli-en-Whatsapp-1.png","contentUrl":"https:\/\/hermandadmedinaceli.es\/wp-content\/uploads\/2021\/08\/Medinaceli-en-Whatsapp-1.png","width":1748,"height":1240},{"@type":"BreadcrumbList","@id":"https:\/\/hermandadmedinaceli.es\/index.php\/medinaceli-en-whatsapp\/#breadcrumb","itemListElement":[{"@type":"ListItem","position":1,"name":"Portada","item":"https:\/\/hermandadmedinaceli.es\/"},{"@type":"ListItem","position":2,"name":"Medinaceli en WhatsApp"}]},{"@type":"WebSite","@id":"https:\/\/hermandadmedinaceli.es\/#website","url":"https:\/\/hermandadmedinaceli.es\/","name":"Hermandad Medinaceli - La L&iacute;nea de la Concepci&oacute;n","description":"","potentialAction":[{"@type":"SearchAction","target":{"@type":"EntryPoint","urlTemplate":"https:\/\/hermandadmedinaceli.es\/?s={search_term_string}"},"query-input":{"@type":"PropertyValueSpecification","valueRequired":true,"valueName":"search_term_string"}}],"inLanguage":"es"}]}},"_links":{"self":[{"href":"https:\/\/hermandadmedinaceli.es\/index.php\/wp-json\/wp\/v2\/pages\/924","targetHints":{"allow":["GET"]}}],"collection":[{"href":"https:\/\/hermandadmedinaceli.es\/index.php\/wp-json\/wp\/v2\/pages"}],"about":[{"href":"https:\/\/hermandadmedinaceli.es\/index.php\/wp-json\/wp\/v2\/types\/page"}],"author":[{"embeddable":true,"href":"https:\/\/hermandadmedinaceli.es\/index.php\/wp-json\/wp\/v2\/users\/2"}],"replies":[{"embeddable":true,"href":"https:\/\/hermandadmedinaceli.es\/index.php\/wp-json\/wp\/v2\/comments?post=924"}],"version-history":[{"count":2,"href":"https:\/\/hermandadmedinaceli.es\/index.php\/wp-json\/wp\/v2\/pages\/924\/revisions"}],"predecessor-version":[{"id":1010,"href":"https:\/\/hermandadmedinaceli.es\/index.php\/wp-json\/wp\/v2\/pages\/924\/revisions\/1010"}],"wp:featuredmedia":[{"embeddable":true,"href":"https:\/\/hermandadmedinaceli.es\/index.php\/wp-json\/wp\/v2\/media\/922"}],"wp:attachment":[{"href":"https:\/\/hermandadmedinaceli.es\/index.php\/wp-json\/wp\/v2\/media?parent=924"}],"curies":[{"name":"wp","href":"https:\/\/api.w.org\/{rel}","templated":true}]}}