{"id":951,"date":"2021-08-31T17:11:28","date_gmt":"2021-08-31T17:11:28","guid":{"rendered":"https:\/\/hermandadmedinaceli.com\/?page_id=951"},"modified":"2021-10-26T16:51:10","modified_gmt":"2021-10-26T16:51:10","slug":"solicitud-de-alta-de-hermanos","status":"publish","type":"page","link":"https:\/\/hermandadmedinaceli.es\/index.php\/solicitud-de-alta-de-hermanos\/","title":{"rendered":"Solicitud de Alta de Hermanos"},"content":{"rendered":"<div class=\"everest-forms\"><div class=\"evf-container default\" id=\"evf-661\"><form id=\"evf-form-661\" class=\"everest-form\" data-formid=\"661\" data-ajax_submission=\"0\" data-keyboard_friendly_form=\"0\" data-form_state_type=\"\" method=\"post\" enctype=\"multipart\/form-data\" action=\"\/index.php\/wp-json\/wp\/v2\/pages\/951\"><div class=\"evf-field-container\"><input type=\"hidden\" id=\"_wpnonce661\" name=\"_wpnonce661\" value=\"ea11ee0d9a\" \/><input type=\"hidden\" name=\"_wp_http_referer\" value=\"\/index.php\/wp-json\/wp\/v2\/pages\/951\" \/><div class=\"evf-frontend-row\" data-row=\"row_1\" conditional_rules=\"[]\"><div class=\"evf-frontend-grid evf-grid-1\" data-grid=\"grid_1\"><div id=\"evf-661-field_hvvUcmFqw4-1-container\" class=\"evf-field evf-field-first-name form-row validate-required\" data-required-field-message=\"Este campo es obligatorio.\" data-field-id=\"hvvUcmFqw4-1\"><label class=\"evf-field-label\" for=\"evf-661-field_hvvUcmFqw4-1\"><span class=\"evf-label\">Nombre y Apellidos<\/span> <abbr class=\"required\" title=\"Obligatorio\">*<\/abbr><\/label><input type=\"text\" id=\"evf-661-field_hvvUcmFqw4-1\" class=\"input-text\" name=\"everest_forms[form_fields][hvvUcmFqw4-1]\" required><\/div><div id=\"evf-661-field_PwXfAAlX1a-25-container\" class=\"evf-field evf-field-first-name form-row validate-required\" data-required-field-message=\"Este campo es obligatorio.\" data-field-id=\"PwXfAAlX1a-25\"><label class=\"evf-field-label\" for=\"evf-661-field_PwXfAAlX1a-25\"><span class=\"evf-label\">DNI<\/span> <abbr class=\"required\" title=\"Obligatorio\">*<\/abbr><\/label><input type=\"text\" id=\"evf-661-field_PwXfAAlX1a-25\" class=\"input-text\" name=\"everest_forms[form_fields][PwXfAAlX1a-25]\" required><\/div><div id=\"evf-661-field_7LqqqrMnit-14-container\" class=\"evf-field evf-field-text form-row validate-required\" data-required-field-message=\"Este campo es obligatorio.\" data-field-id=\"7LqqqrMnit-14\"><label class=\"evf-field-label\" for=\"evf-661-field_7LqqqrMnit-14\"><span class=\"evf-label\">Domicilio<\/span> <abbr class=\"required\" title=\"Obligatorio\">*<\/abbr><\/label><input type=\"text\" id=\"evf-661-field_7LqqqrMnit-14\" class=\"input-text\" name=\"everest_forms[form_fields][7LqqqrMnit-14]\" required><\/div><div id=\"evf-661-field_oCbfDwzbcQ-15-container\" class=\"evf-field evf-field-text form-row validate-required\" data-required-field-message=\"Este campo es obligatorio.\" data-field-id=\"oCbfDwzbcQ-15\"><label class=\"evf-field-label\" for=\"evf-661-field_oCbfDwzbcQ-15\"><span class=\"evf-label\">Poblaci\u00f3n<\/span> <abbr class=\"required\" title=\"Obligatorio\">*<\/abbr><\/label><input type=\"text\" id=\"evf-661-field_oCbfDwzbcQ-15\" class=\"input-text\" name=\"everest_forms[form_fields][oCbfDwzbcQ-15]\" required><\/div><div id=\"evf-661-field_WXzlvu2e7Q-16-container\" class=\"evf-field evf-field-number form-row validate-required\" data-required-field-message=\"Escribe un n\u00famero v\u00e1lido.\" data-field-id=\"WXzlvu2e7Q-16\"><label class=\"evf-field-label\" for=\"evf-661-field_WXzlvu2e7Q-16\"><span class=\"evf-label\">C\u00f3digo Postal<\/span> <abbr class=\"required\" title=\"Obligatorio\">*<\/abbr><\/label><input type=\"number\" id=\"evf-661-field_WXzlvu2e7Q-16\" class=\"input-text\" name=\"everest_forms[form_fields][WXzlvu2e7Q-16]\" step=\"1\" required\/><\/div><div id=\"evf-661-field_JUylBMUDAv-17-container\" class=\"evf-field evf-field-text form-row validate-required\" data-required-field-message=\"Este campo es obligatorio.\" data-field-id=\"JUylBMUDAv-17\"><label class=\"evf-field-label\" for=\"evf-661-field_JUylBMUDAv-17\"><span class=\"evf-label\">Provincia<\/span> <abbr class=\"required\" title=\"Obligatorio\">*<\/abbr><\/label><input type=\"text\" id=\"evf-661-field_JUylBMUDAv-17\" class=\"input-text\" name=\"everest_forms[form_fields][JUylBMUDAv-17]\" required><\/div><div id=\"evf-661-field_ZR8JUcc8ew-18-container\" class=\"evf-field evf-field-number form-row validate-required\" data-required-field-message=\"Escribe un n\u00famero v\u00e1lido.\" data-field-id=\"ZR8JUcc8ew-18\"><label class=\"evf-field-label\" for=\"evf-661-field_ZR8JUcc8ew-18\"><span class=\"evf-label\">Tel\u00e9fono<\/span> <abbr class=\"required\" title=\"Obligatorio\">*<\/abbr><\/label><input type=\"number\" id=\"evf-661-field_ZR8JUcc8ew-18\" class=\"input-text\" name=\"everest_forms[form_fields][ZR8JUcc8ew-18]\" step=\"1\" required\/><\/div><div id=\"evf-661-field_IktQ4q54lK-19-container\" class=\"evf-field evf-field-email form-row validate-required validate-email\" data-required-field-message=\"Por favor, usa una direcci\u00f3n de correo electr\u00f3nico v\u00e1lida.\" data-field-id=\"IktQ4q54lK-19\"><label class=\"evf-field-label\" for=\"evf-661-field_IktQ4q54lK-19\"><span class=\"evf-label\">Correo electr\u00f3nico<\/span> <abbr class=\"required\" title=\"Obligatorio\">*<\/abbr><\/label><input type=\"email\" id=\"evf-661-field_IktQ4q54lK-19\" class=\"input-text\" name=\"everest_forms[form_fields][IktQ4q54lK-19]\" required ><\/div><div id=\"evf-661-field_iDeGTmSXav-12-container\" class=\"evf-field evf-field-date-time form-row validate-required\" data-required-field-message=\"Este campo es obligatorio.\" data-field-id=\"iDeGTmSXav-12\"><label class=\"evf-field-label\" for=\"evf-661-field_iDeGTmSXav-12\"><span class=\"evf-label\">Fecha de Nacimiento<\/span> <abbr class=\"required\" title=\"Obligatorio\">*<\/abbr><\/label><input type=\"text\" id=\"evf-661-field_iDeGTmSXav-12\" class=\"flatpickr-field input-text\" name=\"everest_forms[form_fields][iDeGTmSXav-12]\" data-time-interval=\"15\" data-date-time=\"date\" data-mode=\"single\" data-locale=\"es\" data-date-format=\"d\/m\/Y\" required ><\/div><div id=\"evf-661-field_mtHA2qcaE6-21-container\" class=\"evf-field evf-field-text form-row validate-required\" data-required-field-message=\"Este campo es obligatorio.\" data-field-id=\"mtHA2qcaE6-21\"><label class=\"evf-field-label\" for=\"evf-661-field_mtHA2qcaE6-21\"><span class=\"evf-label\">Lugar de Nacimiento<\/span> <abbr class=\"required\" title=\"Obligatorio\">*<\/abbr><\/label><input type=\"text\" id=\"evf-661-field_mtHA2qcaE6-21\" class=\"input-text\" name=\"everest_forms[form_fields][mtHA2qcaE6-21]\" required><\/div><div id=\"evf-661-field_RZfoIhfUNW-22-container\" class=\"evf-field evf-field-date-time form-row\" data-field-id=\"RZfoIhfUNW-22\"><label class=\"evf-field-label\" for=\"evf-661-field_RZfoIhfUNW-22\"><span class=\"evf-label\">Fecha de Bautismo<\/span> <\/label><input type=\"text\" id=\"evf-661-field_RZfoIhfUNW-22\" class=\"flatpickr-field input-text\" name=\"everest_forms[form_fields][RZfoIhfUNW-22]\" data-time-interval=\"15\" data-date-time=\"date\" data-mode=\"single\" data-locale=\"es\" data-date-format=\"d\/m\/Y\"  ><\/div><div id=\"evf-661-field_dwtQmvJoIK-23-container\" class=\"evf-field evf-field-text form-row\" data-field-id=\"dwtQmvJoIK-23\"><label class=\"evf-field-label\" for=\"evf-661-field_dwtQmvJoIK-23\"><span class=\"evf-label\">Lugar de Bautismo<\/span> <\/label><input type=\"text\" id=\"evf-661-field_dwtQmvJoIK-23\" class=\"input-text\" name=\"everest_forms[form_fields][dwtQmvJoIK-23]\" ><\/div><div id=\"evf-661-field_UC0ETUckLJ-26-container\" class=\"evf-field evf-field-text form-row validate-required\" data-required-field-message=\"Este campo es obligatorio.\" data-field-id=\"UC0ETUckLJ-26\"><label class=\"evf-field-label\" for=\"evf-661-field_UC0ETUckLJ-26\"><span class=\"evf-label\">N\u00ba de la Cuenta Bancaria (IBAN) - 24 d\u00edgitos<\/span> <abbr class=\"required\" title=\"Obligatorio\">*<\/abbr><\/label><input type=\"text\" id=\"evf-661-field_UC0ETUckLJ-26\" class=\"input-text\" name=\"everest_forms[form_fields][UC0ETUckLJ-26]\" required><\/div><div id=\"evf-661-field_inW2QQq4mP-27-container\" class=\"evf-field evf-field-text form-row validate-required\" data-required-field-message=\"Este campo es obligatorio.\" data-field-id=\"inW2QQq4mP-27\"><label class=\"evf-field-label\" for=\"evf-661-field_inW2QQq4mP-27\"><span class=\"evf-label\">Titular de la Cuenta Bancaria<\/span> <abbr class=\"required\" title=\"Obligatorio\">*<\/abbr><\/label><input type=\"text\" id=\"evf-661-field_inW2QQq4mP-27\" class=\"input-text\" name=\"everest_forms[form_fields][inW2QQq4mP-27]\" required><\/div><div id=\"evf-661-field_Cykcp7yfmD-29-container\" class=\"evf-field evf-field-select form-row validate-required\" data-required-field-message=\"Este campo es obligatorio.\" data-field-id=\"Cykcp7yfmD-29\"><label class=\"evf-field-label\" for=\"evf-661-field_Cykcp7yfmD-29\"><span class=\"evf-label\">Periodo de cobro de la cuota<\/span> <abbr class=\"required\" title=\"Obligatorio\">*<\/abbr><\/label><select id=\"evf-661-field_Cykcp7yfmD-29\" class=\"input-text evf-field-required\" name=\"everest_forms[form_fields][Cykcp7yfmD-29]\" required=\"required\" ><option value=\"Anual\"  selected='selected'>Anual<\/option><option value=\"Semestral\" >Semestral<\/option><option value=\"Trimestral\" >Trimestral<\/option><\/select><\/div><\/div><\/div><\/div><div class=\"evf-honeypot-container evf-field-hp\"><label for=\"evf-661-field-hp\" class=\"evf-field-label\">Comment<\/label><input type=\"text\" name=\"everest_forms[hp]\" id=\"evf-661-field-hp\" class=\"input-text\"><\/div><div class=\"evf-submit-container \" ><input type=\"hidden\" name=\"everest_forms[id]\" value=\"661\"><input type=\"hidden\" name=\"everest_forms[author]\" value=\"2\"><button type='submit' name='everest_forms[submit]' class='everest-forms-submit-button button evf-submit ' id='evf-submit-661' value='evf-submit' data-process-text=\"Enviando...\" conditional_rules='&quot;&quot;' conditional_id='evf-submit-661'  id=\"evf-submit-661\" aria-live=\"assertive\">Enviar<\/button><\/div><\/form><\/div><!-- .evf-container --><\/div>\n\n\n\n<p>Tras enviar la solicitud, su solicitud ser\u00e1 recibida en la secretar\u00eda de la Hermandad, desde donde se pondr\u00e1n en contacto con usted.<\/p>\n<!-- AddThis Advanced Settings generic via filter on the_content --><!-- AddThis Share Buttons generic via filter on the_content -->","protected":false},"excerpt":{"rendered":"<p>Tras enviar la solicitud, su solicitud ser\u00e1 recibida en la secretar\u00eda de la Hermandad, desde donde se pondr\u00e1n en contacto<!-- AddThis Advanced Settings generic via filter on get_the_excerpt --><!-- AddThis Share Buttons generic via filter on get_the_excerpt --><\/p>\n","protected":false},"author":2,"featured_media":0,"parent":0,"menu_order":0,"comment_status":"closed","ping_status":"closed","template":"","meta":{"colormag_page_container_layout":"default_layout","colormag_page_sidebar_layout":"default_layout","_monsterinsights_skip_tracking":false,"_monsterinsights_sitenote_active":false,"_monsterinsights_sitenote_note":"","_monsterinsights_sitenote_category":0,"_mc_calendar":[],"footnotes":""},"class_list":["post-951","page","type-page","status-publish","hentry"],"yoast_head":"<!-- This site is optimized with the Yoast SEO plugin v27.4 - https:\/\/yoast.com\/product\/yoast-seo-wordpress\/ -->\n<title>Solicitud de Alta de Hermanos - Hermandad Medinaceli - La L&iacute;nea de la Concepci&oacute;n<\/title>\n<meta name=\"robots\" content=\"index, follow, max-snippet:-1, max-image-preview:large, max-video-preview:-1\" \/>\n<link rel=\"canonical\" href=\"https:\/\/hermandadmedinaceli.es\/index.php\/solicitud-de-alta-de-hermanos\/\" \/>\n<meta property=\"og:locale\" content=\"es_ES\" \/>\n<meta property=\"og:type\" content=\"article\" \/>\n<meta property=\"og:title\" content=\"Solicitud de Alta de Hermanos - Hermandad Medinaceli - La L&iacute;nea de la Concepci&oacute;n\" \/>\n<meta property=\"og:description\" content=\"Tras enviar la solicitud, su solicitud ser\u00e1 recibida en la secretar\u00eda de la Hermandad, desde donde se pondr\u00e1n en contacto\" \/>\n<meta property=\"og:url\" content=\"https:\/\/hermandadmedinaceli.es\/index.php\/solicitud-de-alta-de-hermanos\/\" \/>\n<meta property=\"og:site_name\" content=\"Hermandad Medinaceli - La L&iacute;nea de la Concepci&oacute;n\" \/>\n<meta property=\"article:modified_time\" content=\"2021-10-26T16:51:10+00:00\" \/>\n<meta name=\"twitter:card\" content=\"summary_large_image\" \/>\n<meta name=\"twitter:label1\" content=\"Tiempo de lectura\" \/>\n\t<meta name=\"twitter:data1\" content=\"1 minuto\" \/>\n<script type=\"application\/ld+json\" class=\"yoast-schema-graph\">{\"@context\":\"https:\\\/\\\/schema.org\",\"@graph\":[{\"@type\":\"WebPage\",\"@id\":\"https:\\\/\\\/hermandadmedinaceli.es\\\/index.php\\\/solicitud-de-alta-de-hermanos\\\/\",\"url\":\"https:\\\/\\\/hermandadmedinaceli.es\\\/index.php\\\/solicitud-de-alta-de-hermanos\\\/\",\"name\":\"Solicitud de Alta de Hermanos - Hermandad Medinaceli - La L&iacute;nea de la Concepci&oacute;n\",\"isPartOf\":{\"@id\":\"https:\\\/\\\/hermandadmedinaceli.es\\\/#website\"},\"datePublished\":\"2021-08-31T17:11:28+00:00\",\"dateModified\":\"2021-10-26T16:51:10+00:00\",\"breadcrumb\":{\"@id\":\"https:\\\/\\\/hermandadmedinaceli.es\\\/index.php\\\/solicitud-de-alta-de-hermanos\\\/#breadcrumb\"},\"inLanguage\":\"es\",\"potentialAction\":[{\"@type\":\"ReadAction\",\"target\":[\"https:\\\/\\\/hermandadmedinaceli.es\\\/index.php\\\/solicitud-de-alta-de-hermanos\\\/\"]}]},{\"@type\":\"BreadcrumbList\",\"@id\":\"https:\\\/\\\/hermandadmedinaceli.es\\\/index.php\\\/solicitud-de-alta-de-hermanos\\\/#breadcrumb\",\"itemListElement\":[{\"@type\":\"ListItem\",\"position\":1,\"name\":\"Portada\",\"item\":\"https:\\\/\\\/hermandadmedinaceli.es\\\/\"},{\"@type\":\"ListItem\",\"position\":2,\"name\":\"Solicitud de Alta de Hermanos\"}]},{\"@type\":\"WebSite\",\"@id\":\"https:\\\/\\\/hermandadmedinaceli.es\\\/#website\",\"url\":\"https:\\\/\\\/hermandadmedinaceli.es\\\/\",\"name\":\"Hermandad Medinaceli - La L&iacute;nea de la Concepci&oacute;n\",\"description\":\"\",\"potentialAction\":[{\"@type\":\"SearchAction\",\"target\":{\"@type\":\"EntryPoint\",\"urlTemplate\":\"https:\\\/\\\/hermandadmedinaceli.es\\\/?s={search_term_string}\"},\"query-input\":{\"@type\":\"PropertyValueSpecification\",\"valueRequired\":true,\"valueName\":\"search_term_string\"}}],\"inLanguage\":\"es\"}]}<\/script>\n<!-- \/ Yoast SEO plugin. -->","yoast_head_json":{"title":"Solicitud de Alta de Hermanos - Hermandad Medinaceli - La L&iacute;nea de la Concepci&oacute;n","robots":{"index":"index","follow":"follow","max-snippet":"max-snippet:-1","max-image-preview":"max-image-preview:large","max-video-preview":"max-video-preview:-1"},"canonical":"https:\/\/hermandadmedinaceli.es\/index.php\/solicitud-de-alta-de-hermanos\/","og_locale":"es_ES","og_type":"article","og_title":"Solicitud de Alta de Hermanos - Hermandad Medinaceli - La L&iacute;nea de la Concepci&oacute;n","og_description":"Tras enviar la solicitud, su solicitud ser\u00e1 recibida en la secretar\u00eda de la Hermandad, desde donde se pondr\u00e1n en contacto","og_url":"https:\/\/hermandadmedinaceli.es\/index.php\/solicitud-de-alta-de-hermanos\/","og_site_name":"Hermandad Medinaceli - La L&iacute;nea de la Concepci&oacute;n","article_modified_time":"2021-10-26T16:51:10+00:00","twitter_card":"summary_large_image","twitter_misc":{"Tiempo de lectura":"1 minuto"},"schema":{"@context":"https:\/\/schema.org","@graph":[{"@type":"WebPage","@id":"https:\/\/hermandadmedinaceli.es\/index.php\/solicitud-de-alta-de-hermanos\/","url":"https:\/\/hermandadmedinaceli.es\/index.php\/solicitud-de-alta-de-hermanos\/","name":"Solicitud de Alta de Hermanos - Hermandad Medinaceli - La L&iacute;nea de la Concepci&oacute;n","isPartOf":{"@id":"https:\/\/hermandadmedinaceli.es\/#website"},"datePublished":"2021-08-31T17:11:28+00:00","dateModified":"2021-10-26T16:51:10+00:00","breadcrumb":{"@id":"https:\/\/hermandadmedinaceli.es\/index.php\/solicitud-de-alta-de-hermanos\/#breadcrumb"},"inLanguage":"es","potentialAction":[{"@type":"ReadAction","target":["https:\/\/hermandadmedinaceli.es\/index.php\/solicitud-de-alta-de-hermanos\/"]}]},{"@type":"BreadcrumbList","@id":"https:\/\/hermandadmedinaceli.es\/index.php\/solicitud-de-alta-de-hermanos\/#breadcrumb","itemListElement":[{"@type":"ListItem","position":1,"name":"Portada","item":"https:\/\/hermandadmedinaceli.es\/"},{"@type":"ListItem","position":2,"name":"Solicitud de Alta de Hermanos"}]},{"@type":"WebSite","@id":"https:\/\/hermandadmedinaceli.es\/#website","url":"https:\/\/hermandadmedinaceli.es\/","name":"Hermandad Medinaceli - La L&iacute;nea de la Concepci&oacute;n","description":"","potentialAction":[{"@type":"SearchAction","target":{"@type":"EntryPoint","urlTemplate":"https:\/\/hermandadmedinaceli.es\/?s={search_term_string}"},"query-input":{"@type":"PropertyValueSpecification","valueRequired":true,"valueName":"search_term_string"}}],"inLanguage":"es"}]}},"_links":{"self":[{"href":"https:\/\/hermandadmedinaceli.es\/index.php\/wp-json\/wp\/v2\/pages\/951","targetHints":{"allow":["GET"]}}],"collection":[{"href":"https:\/\/hermandadmedinaceli.es\/index.php\/wp-json\/wp\/v2\/pages"}],"about":[{"href":"https:\/\/hermandadmedinaceli.es\/index.php\/wp-json\/wp\/v2\/types\/page"}],"author":[{"embeddable":true,"href":"https:\/\/hermandadmedinaceli.es\/index.php\/wp-json\/wp\/v2\/users\/2"}],"replies":[{"embeddable":true,"href":"https:\/\/hermandadmedinaceli.es\/index.php\/wp-json\/wp\/v2\/comments?post=951"}],"version-history":[{"count":2,"href":"https:\/\/hermandadmedinaceli.es\/index.php\/wp-json\/wp\/v2\/pages\/951\/revisions"}],"predecessor-version":[{"id":1076,"href":"https:\/\/hermandadmedinaceli.es\/index.php\/wp-json\/wp\/v2\/pages\/951\/revisions\/1076"}],"wp:attachment":[{"href":"https:\/\/hermandadmedinaceli.es\/index.php\/wp-json\/wp\/v2\/media?parent=951"}],"curies":[{"name":"wp","href":"https:\/\/api.w.org\/{rel}","templated":true}]}}